{"id":50,"date":"2020-08-25T08:28:33","date_gmt":"2020-08-25T08:28:33","guid":{"rendered":"http:\/\/paul-themes.com\/wordpress\/skape\/?page_id=50"},"modified":"2022-11-04T11:37:55","modified_gmt":"2022-11-04T11:37:55","slug":"sobre-nos","status":"publish","type":"page","link":"https:\/\/graficaemepe.com.br\/es\/sobre-nos\/","title":{"rendered":"Sobre Nosotros"},"content":{"rendered":"<div data-elementor-type=\"wp-page\" data-elementor-id=\"50\" class=\"elementor elementor-50\" data-elementor-post-type=\"page\">\n\t\t\t\t\t\t<section class=\"elementor-section elementor-top-section elementor-element elementor-element-76bf524 elementor-section-full_width elementor-section-height-default elementor-section-height-default\" data-id=\"76bf524\" data-element_type=\"section\">\n\t\t\t\t\t\t<div class=\"elementor-container elementor-column-gap-no\">\n\t\t\t\t\t<div class=\"elementor-column elementor-col-100 elementor-top-column elementor-element elementor-element-7b96fa2\" data-id=\"7b96fa2\" data-element_type=\"column\">\n\t\t\t<div class=\"elementor-widget-wrap elementor-element-populated\">\n\t\t\t\t\t\t<div class=\"elementor-element elementor-element-ef560bc elementor-widget elementor-widget-vlt-page-title\" data-id=\"ef560bc\" data-element_type=\"widget\" data-settings=\"{&quot;aos_animation_name&quot;:&quot;none&quot;}\" data-widget_type=\"vlt-page-title.default\">\n\t\t\t\t<div class=\"elementor-widget-container\">\n\t\t\t\n\t\t<div class=\"vlt-page-title vlt-page-title--style-3 jarallax\">\n\n\t\t\t<img loading=\"lazy\" decoding=\"async\" width=\"1920\" height=\"960\" src=\"https:\/\/graficaemepe.com.br\/wp-content\/uploads\/2021\/09\/emepe_breadcrumbs_desktop_sobre-1-1920x960.jpg\" class=\"jarallax-img\" alt=\"\" srcset=\"https:\/\/graficaemepe.com.br\/wp-content\/uploads\/2021\/09\/emepe_breadcrumbs_desktop_sobre-1.jpg 1920w, https:\/\/graficaemepe.com.br\/wp-content\/uploads\/2021\/09\/emepe_breadcrumbs_desktop_sobre-1-300x150.jpg 300w, https:\/\/graficaemepe.com.br\/wp-content\/uploads\/2021\/09\/emepe_breadcrumbs_desktop_sobre-1-1024x512.jpg 1024w, https:\/\/graficaemepe.com.br\/wp-content\/uploads\/2021\/09\/emepe_breadcrumbs_desktop_sobre-1-768x384.jpg 768w, https:\/\/graficaemepe.com.br\/wp-content\/uploads\/2021\/09\/emepe_breadcrumbs_desktop_sobre-1-1536x768.jpg 1536w, https:\/\/graficaemepe.com.br\/wp-content\/uploads\/2021\/09\/emepe_breadcrumbs_desktop_sobre-1-16x8.jpg 16w, https:\/\/graficaemepe.com.br\/wp-content\/uploads\/2021\/09\/emepe_breadcrumbs_desktop_sobre-1-500x250.jpg 500w, https:\/\/graficaemepe.com.br\/wp-content\/uploads\/2021\/09\/emepe_breadcrumbs_desktop_sobre-1-800x400.jpg 800w, https:\/\/graficaemepe.com.br\/wp-content\/uploads\/2021\/09\/emepe_breadcrumbs_desktop_sobre-1-1280x640.jpg 1280w\" sizes=\"auto, (max-width: 1920px) 100vw, 1920px\" \/><div class=\"vlt-page-title__overlay\"><\/div><a href=\"#content\" class=\"vlt-page-title__scroll-to vlt-scroll-to\"><i class=\"icon-arrow-down\"><\/i><\/a><div class=\"container\"><h1 class=\"vlt-page-title__title lax\" data-lax-translate-y=\"0 0, vh (vw*0.25)\" data-lax-opacity=\"1 1, (vh*0.5) 0\" data-lax-anchor=\".vlt-page-title\">Sobre Nosotros<\/h1><\/div>\n\t\t<\/div>\n\n\t\t<div id=\"content\"><\/div>\n\n\t\t\t\t<\/div>\n\t\t\t\t<\/div>\n\t\t\t\t\t<\/div>\n\t\t<\/div>\n\t\t\t\t\t<\/div>\n\t\t<\/section>\n\t\t\t\t<section class=\"elementor-section elementor-top-section elementor-element elementor-element-7f6563f elementor-section-boxed elementor-section-height-default elementor-section-height-default\" data-id=\"7f6563f\" data-element_type=\"section\">\n\t\t\t\t\t\t<div class=\"elementor-container elementor-column-gap-extended\">\n\t\t\t\t\t<div class=\"elementor-column elementor-col-100 elementor-top-column elementor-element elementor-element-c7ecca0\" data-id=\"c7ecca0\" data-element_type=\"column\">\n\t\t\t<div class=\"elementor-widget-wrap elementor-element-populated\">\n\t\t\t\t\t\t<div data-aos=\"fade\" data-aos-once=\"true\" class=\"elementor-element elementor-element-a5b63ce elementor-widget elementor-widget-vlt-section-title\" data-id=\"a5b63ce\" data-element_type=\"widget\" data-settings=\"{&quot;aos_animation_name&quot;:&quot;fade&quot;}\" data-widget_type=\"vlt-section-title.default\">\n\t\t\t\t<div class=\"elementor-widget-container\">\n\t\t\t\n\t<div class=\"vlt-section-title vlt-section-title--style-1\">\n\n\t\t<span class=\"vlt-section-title__subtitle\">Sobre Nosotros<\/span><h2 class=\"vlt-section-title__title\">El arte de materializar lo que nos INSPIRA!<\/h2>\n\t<\/div>\n\n\t\t\t<\/div>\n\t\t\t\t<\/div>\n\t\t\t\t<div class=\"elementor-element elementor-element-798570b elementor-widget elementor-widget-spacer\" data-id=\"798570b\" data-element_type=\"widget\" data-settings=\"{&quot;aos_animation_name&quot;:&quot;none&quot;}\" data-widget_type=\"spacer.default\">\n\t\t\t\t<div class=\"elementor-widget-container\">\n\t\t\t\t\t<div class=\"elementor-spacer\">\n\t\t\t<div class=\"elementor-spacer-inner\"><\/div>\n\t\t<\/div>\n\t\t\t\t<\/div>\n\t\t\t\t<\/div>\n\t\t\t\t\t<\/div>\n\t\t<\/div>\n\t\t\t\t\t<\/div>\n\t\t<\/section>\n\t\t\t\t<section class=\"elementor-section elementor-top-section elementor-element elementor-element-e8b3ea4 elementor-section-boxed elementor-section-height-default elementor-section-height-default\" data-id=\"e8b3ea4\" data-element_type=\"section\">\n\t\t\t\t\t\t<div class=\"elementor-container elementor-column-gap-extended\">\n\t\t\t\t\t<div class=\"elementor-column elementor-col-50 elementor-top-column elementor-element elementor-element-1a4ebc1\" data-id=\"1a4ebc1\" data-element_type=\"column\">\n\t\t\t<div class=\"elementor-widget-wrap elementor-element-populated\">\n\t\t\t\t\t\t<div data-aos=\"fade\" data-aos-delay=\"100\" data-aos-once=\"true\" class=\"elementor-element elementor-element-d63f1d8 elementor-widget elementor-widget-text-editor\" data-id=\"d63f1d8\" data-element_type=\"widget\" data-settings=\"{&quot;aos_animation_name&quot;:&quot;fade&quot;}\" data-widget_type=\"text-editor.default\">\n\t\t\t\t<div class=\"elementor-widget-container\">\n\t\t\t\t\t\t\t<p>Con el fin de satisfacer las demandas de los productores agr\u00edcolas y tambi\u00e9n del comercio local de Vinhedo, un municipio del interior de S\u00e3o Paulo, iniciamos nuestras actividades en el sector de la impresi\u00f3n en junio de 1956. Al principio, toda la producci\u00f3n se centr\u00f3 en etiquetas de vino.<\/p><p>A lo largo de los a\u00f1os el crecimiento fue continuo y a partir de la d\u00e9cada de los noventa consolidamos nuestra posici\u00f3n en la industria gr\u00e1fica, donde se gener\u00f3 la oportunidad de ampliar nuestras instalaciones. Luego construimos una nueva planta para atender mejor a nuestros clientes, asegurar un buen desempe\u00f1o del equipo y reforzar los conceptos de sustentabilidad en las acciones internas.<\/p>\t\t\t\t\t\t<\/div>\n\t\t\t\t<\/div>\n\t\t\t\t\t<\/div>\n\t\t<\/div>\n\t\t\t\t<div class=\"elementor-column elementor-col-50 elementor-top-column elementor-element elementor-element-21c0dad\" data-id=\"21c0dad\" data-element_type=\"column\">\n\t\t\t<div class=\"elementor-widget-wrap elementor-element-populated\">\n\t\t\t\t\t\t<div data-aos=\"fade\" data-aos-delay=\"100\" data-aos-once=\"true\" class=\"elementor-element elementor-element-590f787 elementor-widget elementor-widget-text-editor\" data-id=\"590f787\" data-element_type=\"widget\" data-settings=\"{&quot;aos_animation_name&quot;:&quot;fade&quot;}\" data-widget_type=\"text-editor.default\">\n\t\t\t\t<div class=\"elementor-widget-container\">\n\t\t\t\t\t\t\t<p>S\u00f3lido y estructurado: as\u00ed es como definimos nuestro trabajo. Hoy, todos los servicios operan en una estructura de 8.600 m\u00b2 de \u00e1rea construida en un \u00e1rea total de 25.000 m\u00b2, dentro de un parque gr\u00e1fico moderno y sostenible.<\/p><p>Ubicados en el Distrito Industrial de Vinhedo, cerca de las principales carreteras y del Aeropuerto Internacional de Viracopos, en Campinas, el aeropuerto de carga m\u00e1s importante del Estado de S\u00e3o Paulo, podemos atender a clientes a nivel internacional debido a nuestra facilidad log\u00edstica.<\/p><p>Con m\u00e1s de 65 a\u00f1os de experiencia, nuestros procesos productivos se basan en asegurar soluciones innovadoras a los clientes que buscan nuestros servicios, siempre con profesionalidad y transparencia.\u00a0<\/p>\t\t\t\t\t\t<\/div>\n\t\t\t\t<\/div>\n\t\t\t\t<div class=\"elementor-element elementor-element-0001273 elementor-widget elementor-widget-spacer\" data-id=\"0001273\" data-element_type=\"widget\" data-settings=\"{&quot;aos_animation_name&quot;:&quot;none&quot;}\" data-widget_type=\"spacer.default\">\n\t\t\t\t<div class=\"elementor-widget-container\">\n\t\t\t\t\t<div class=\"elementor-spacer\">\n\t\t\t<div class=\"elementor-spacer-inner\"><\/div>\n\t\t<\/div>\n\t\t\t\t<\/div>\n\t\t\t\t<\/div>\n\t\t\t\t\t<\/div>\n\t\t<\/div>\n\t\t\t\t\t<\/div>\n\t\t<\/section>\n\t\t\t\t<section class=\"elementor-section elementor-top-section elementor-element elementor-element-e3501a4 elementor-section-content-middle text-center elementor-section-boxed elementor-section-height-default elementor-section-height-default\" data-id=\"e3501a4\" data-element_type=\"section\">\n\t\t\t\t\t\t<div class=\"elementor-container elementor-column-gap-wider\">\n\t\t\t\t\t<div class=\"elementor-column elementor-col-25 elementor-top-column elementor-element elementor-element-16771f2\" data-id=\"16771f2\" data-element_type=\"column\">\n\t\t\t<div class=\"elementor-widget-wrap\">\n\t\t\t\t\t\t\t<\/div>\n\t\t<\/div>\n\t\t\t\t<div class=\"elementor-column elementor-col-25 elementor-top-column elementor-element elementor-element-fe9923a\" data-id=\"fe9923a\" data-element_type=\"column\">\n\t\t\t<div class=\"elementor-widget-wrap elementor-element-populated\">\n\t\t\t\t\t\t<div class=\"elementor-element elementor-element-f86d29c elementor-widget__width-initial elementor-absolute elementor-widget elementor-widget-vlt-particle\" data-id=\"f86d29c\" data-element_type=\"widget\" data-settings=\"{&quot;_position&quot;:&quot;absolute&quot;,&quot;aos_animation_name&quot;:&quot;none&quot;}\" data-widget_type=\"vlt-particle.default\">\n\t\t\t\t<div class=\"elementor-widget-container\">\n\t\t\t\n\t\t<div class=\"vlt-particle\" data-animation-name=\"fadeInUp\" style=\" --animate-delay: 500ms;\">\n\n\t\t\t\n\t\t\t\t<img loading=\"lazy\" decoding=\"async\" width=\"324\" height=\"339\" src=\"https:\/\/graficaemepe.com.br\/wp-content\/uploads\/2020\/08\/square-plus-pattern.png\" class=\"attachment-full size-full\" alt=\"\" srcset=\"https:\/\/graficaemepe.com.br\/wp-content\/uploads\/2020\/08\/square-plus-pattern.png 324w, https:\/\/graficaemepe.com.br\/wp-content\/uploads\/2020\/08\/square-plus-pattern-287x300.png 287w\" sizes=\"auto, (max-width: 324px) 100vw, 324px\" \/>\n\t\t\t\n\t\t<\/div>\n\n\t\t\t\t<\/div>\n\t\t\t\t<\/div>\n\t\t\t\t<div class=\"elementor-element elementor-element-e1c232a elementor-widget elementor-widget-vlt-simple-image\" data-id=\"e1c232a\" data-element_type=\"widget\" data-settings=\"{&quot;aos_animation_name&quot;:&quot;none&quot;}\" data-widget_type=\"vlt-simple-image.default\">\n\t\t\t\t<div class=\"elementor-widget-container\">\n\t\t\t\n\t\t<div class=\"vlt-simple-image\">\n\n\t\t\t\n\t\t\t\t<div class=\"vlt-simple-image__mask\" data-aos=\"image-mask-animation\" data-aos-delay=\"\"><div class=\"inside\"><\/div><\/div>\n\n\t\t\t\n\t\t\t\n\t\t\t\t<img loading=\"lazy\" decoding=\"async\" width=\"540\" height=\"704\" src=\"https:\/\/graficaemepe.com.br\/wp-content\/uploads\/2021\/09\/emepe_img_pagSobre_desktop_Artboard-2-1.jpg\" class=\"attachment-full size-full\" alt=\"\" srcset=\"https:\/\/graficaemepe.com.br\/wp-content\/uploads\/2021\/09\/emepe_img_pagSobre_desktop_Artboard-2-1.jpg 540w, https:\/\/graficaemepe.com.br\/wp-content\/uploads\/2021\/09\/emepe_img_pagSobre_desktop_Artboard-2-1-230x300.jpg 230w, https:\/\/graficaemepe.com.br\/wp-content\/uploads\/2021\/09\/emepe_img_pagSobre_desktop_Artboard-2-1-9x12.jpg 9w, https:\/\/graficaemepe.com.br\/wp-content\/uploads\/2021\/09\/emepe_img_pagSobre_desktop_Artboard-2-1-500x652.jpg 500w\" sizes=\"auto, (max-width: 540px) 100vw, 540px\" \/>\n\t\t\t\n\t\t<\/div>\n\n\t\t\t\t<\/div>\n\t\t\t\t<\/div>\n\t\t\t\t\t<\/div>\n\t\t<\/div>\n\t\t\t\t<div class=\"elementor-column elementor-col-25 elementor-top-column elementor-element elementor-element-93431d8\" data-id=\"93431d8\" data-element_type=\"column\">\n\t\t\t<div class=\"elementor-widget-wrap elementor-element-populated\">\n\t\t\t\t\t\t<div class=\"elementor-element elementor-element-a4dd1b3 elementor-widget__width-initial elementor-absolute elementor-widget elementor-widget-vlt-particle\" data-id=\"a4dd1b3\" data-element_type=\"widget\" data-settings=\"{&quot;_position&quot;:&quot;absolute&quot;,&quot;aos_animation_name&quot;:&quot;none&quot;}\" data-widget_type=\"vlt-particle.default\">\n\t\t\t\t<div class=\"elementor-widget-container\">\n\t\t\t\n\t\t<div class=\"vlt-particle\" data-animation-name=\"fadeInUp\" style=\" --animate-delay: 500ms;\">\n\n\t\t\t\n\t\t\t\t<img loading=\"lazy\" decoding=\"async\" width=\"324\" height=\"339\" src=\"https:\/\/graficaemepe.com.br\/wp-content\/uploads\/2020\/08\/square-plus-pattern.png\" class=\"attachment-full size-full\" alt=\"\" srcset=\"https:\/\/graficaemepe.com.br\/wp-content\/uploads\/2020\/08\/square-plus-pattern.png 324w, https:\/\/graficaemepe.com.br\/wp-content\/uploads\/2020\/08\/square-plus-pattern-287x300.png 287w\" sizes=\"auto, (max-width: 324px) 100vw, 324px\" \/>\n\t\t\t\n\t\t<\/div>\n\n\t\t\t\t<\/div>\n\t\t\t\t<\/div>\n\t\t\t\t<div class=\"elementor-element elementor-element-0e52a27 elementor-widget elementor-widget-vlt-simple-image\" data-id=\"0e52a27\" data-element_type=\"widget\" data-settings=\"{&quot;aos_animation_name&quot;:&quot;none&quot;}\" data-widget_type=\"vlt-simple-image.default\">\n\t\t\t\t<div class=\"elementor-widget-container\">\n\t\t\t\n\t\t<div class=\"vlt-simple-image\">\n\n\t\t\t\n\t\t\t\t<div class=\"vlt-simple-image__mask\" data-aos=\"image-mask-animation\" data-aos-delay=\"\"><div class=\"inside\"><\/div><\/div>\n\n\t\t\t\n\t\t\t\n\t\t\t\t<img loading=\"lazy\" decoding=\"async\" width=\"438\" height=\"450\" src=\"https:\/\/graficaemepe.com.br\/wp-content\/uploads\/2021\/09\/emepe_img_pagSobre_desktopArtboard-1.jpg\" class=\"attachment-full size-full\" alt=\"\" srcset=\"https:\/\/graficaemepe.com.br\/wp-content\/uploads\/2021\/09\/emepe_img_pagSobre_desktopArtboard-1.jpg 438w, https:\/\/graficaemepe.com.br\/wp-content\/uploads\/2021\/09\/emepe_img_pagSobre_desktopArtboard-1-292x300.jpg 292w, https:\/\/graficaemepe.com.br\/wp-content\/uploads\/2021\/09\/emepe_img_pagSobre_desktopArtboard-1-12x12.jpg 12w\" sizes=\"auto, (max-width: 438px) 100vw, 438px\" \/>\n\t\t\t\n\t\t<\/div>\n\n\t\t\t\t<\/div>\n\t\t\t\t<\/div>\n\t\t\t\t\t<\/div>\n\t\t<\/div>\n\t\t\t\t<div class=\"elementor-column elementor-col-25 elementor-top-column elementor-element elementor-element-5e92005\" data-id=\"5e92005\" data-element_type=\"column\">\n\t\t\t<div class=\"elementor-widget-wrap\">\n\t\t\t\t\t\t\t<\/div>\n\t\t<\/div>\n\t\t\t\t\t<\/div>\n\t\t<\/section>\n\t\t\t\t<section class=\"elementor-section elementor-top-section elementor-element elementor-element-2cf358c jarallax elementor-section-boxed elementor-section-height-default elementor-section-height-default\" data-id=\"2cf358c\" data-element_type=\"section\" data-settings=\"{&quot;background_background&quot;:&quot;classic&quot;}\">\n\t\t\t\t\t\t<div class=\"elementor-container elementor-column-gap-extended\">\n\t\t\t\t\t<div class=\"elementor-column elementor-col-100 elementor-top-column elementor-element elementor-element-9bf48b6\" data-id=\"9bf48b6\" data-element_type=\"column\">\n\t\t\t<div class=\"elementor-widget-wrap elementor-element-populated\">\n\t\t\t\t\t\t<div data-aos=\"fade\" data-aos-once=\"true\" class=\"elementor-element elementor-element-370a172 elementor-widget elementor-widget-vlt-service\" data-id=\"370a172\" data-element_type=\"widget\" data-settings=\"{&quot;aos_animation_name&quot;:&quot;fade&quot;}\" data-widget_type=\"vlt-service.default\">\n\t\t\t\t<div class=\"elementor-widget-container\">\n\t\t\t\n\t\t<div class=\"vlt-service vlt-service--style-1\">\n\n\t\t\t<div class=\"vlt-service__media\"><i aria-hidden=\"true\" class=\"fas fa-bullseye\"><\/i><\/div><div class=\"vlt-service__content\"><h5 class=\"vlt-service__title\"><a class=\"vlt-service__link\" href=\"http:\/\/paul-themes.com\/wordpress\/skape\/service-single\/\">Misi\u00f3n<\/a><\/h5><p class=\"vlt-service__text\">Nuestra misi\u00f3n es proporcionar empaques, dise\u00f1os y soluciones innovadores para servir a nuestros socios.<\/p><\/div>\n\t\t<\/div>\n\n\t\t\t\t<\/div>\n\t\t\t\t<\/div>\n\t\t\t\t<div class=\"elementor-element elementor-element-f372330 elementor-widget elementor-widget-spacer\" data-id=\"f372330\" data-element_type=\"widget\" data-settings=\"{&quot;aos_animation_name&quot;:&quot;none&quot;}\" data-widget_type=\"spacer.default\">\n\t\t\t\t<div class=\"elementor-widget-container\">\n\t\t\t\t\t<div class=\"elementor-spacer\">\n\t\t\t<div class=\"elementor-spacer-inner\"><\/div>\n\t\t<\/div>\n\t\t\t\t<\/div>\n\t\t\t\t<\/div>\n\t\t\t\t<div data-aos=\"fade\" data-aos-delay=\"100\" data-aos-once=\"true\" class=\"elementor-element elementor-element-163cca2 elementor-widget elementor-widget-vlt-service\" data-id=\"163cca2\" data-element_type=\"widget\" data-settings=\"{&quot;aos_animation_name&quot;:&quot;fade&quot;}\" data-widget_type=\"vlt-service.default\">\n\t\t\t\t<div class=\"elementor-widget-container\">\n\t\t\t\n\t\t<div class=\"vlt-service vlt-service--style-1\">\n\n\t\t\t<div class=\"vlt-service__media\"><i aria-hidden=\"true\" class=\"far fa-eye\"><\/i><\/div><div class=\"vlt-service__content\"><h5 class=\"vlt-service__title\"><a class=\"vlt-service__link\" href=\"http:\/\/paul-themes.com\/wordpress\/skape\/service-single\/\">Visi\u00f3n<\/a><\/h5><p class=\"vlt-service__text\">Convertirse en un referente en el campo del embalaje de cart\u00f3n, consolid\u00e1ndose como la mejor y m\u00e1s innovadora industria gr\u00e1fica de Brasil.<\/p><\/div>\n\t\t<\/div>\n\n\t\t\t\t<\/div>\n\t\t\t\t<\/div>\n\t\t\t\t<div class=\"elementor-element elementor-element-6bd3b48 elementor-widget elementor-widget-spacer\" data-id=\"6bd3b48\" data-element_type=\"widget\" data-settings=\"{&quot;aos_animation_name&quot;:&quot;none&quot;}\" data-widget_type=\"spacer.default\">\n\t\t\t\t<div class=\"elementor-widget-container\">\n\t\t\t\t\t<div class=\"elementor-spacer\">\n\t\t\t<div class=\"elementor-spacer-inner\"><\/div>\n\t\t<\/div>\n\t\t\t\t<\/div>\n\t\t\t\t<\/div>\n\t\t\t\t<div data-aos=\"fade\" data-aos-delay=\"300\" data-aos-once=\"true\" class=\"elementor-element elementor-element-047ec80 elementor-widget elementor-widget-vlt-service\" data-id=\"047ec80\" data-element_type=\"widget\" data-settings=\"{&quot;aos_animation_name&quot;:&quot;fade&quot;}\" data-widget_type=\"vlt-service.default\">\n\t\t\t\t<div class=\"elementor-widget-container\">\n\t\t\t\n\t\t<div class=\"vlt-service vlt-service--style-1\">\n\n\t\t\t<div class=\"vlt-service__media\"><i aria-hidden=\"true\" class=\"fas fa-scroll\"><\/i><\/div><div class=\"vlt-service__content\"><h5 class=\"vlt-service__title\"><a class=\"vlt-service__link\" href=\"http:\/\/paul-themes.com\/wordpress\/skape\/service-single\/\">Valores<\/a><\/h5><p class=\"vlt-service__text\">\u2022 Sustentabilidad <br>\n\u2022 Responsabilidad social; <br>\n\u2022 Integridad <br>\n\u2022 Innovaci\u00f3n <br>\n\u2022 Pensamiento emprendedor<\/p><\/div>\n\t\t<\/div>\n\n\t\t\t\t<\/div>\n\t\t\t\t<\/div>\n\t\t\t\t<div class=\"elementor-element elementor-element-1e8e707 elementor-widget elementor-widget-spacer\" data-id=\"1e8e707\" data-element_type=\"widget\" data-settings=\"{&quot;aos_animation_name&quot;:&quot;none&quot;}\" data-widget_type=\"spacer.default\">\n\t\t\t\t<div class=\"elementor-widget-container\">\n\t\t\t\t\t<div class=\"elementor-spacer\">\n\t\t\t<div class=\"elementor-spacer-inner\"><\/div>\n\t\t<\/div>\n\t\t\t\t<\/div>\n\t\t\t\t<\/div>\n\t\t\t\t<div class=\"elementor-element elementor-element-b4e3f70 elementor-widget elementor-widget-heading\" data-id=\"b4e3f70\" data-element_type=\"widget\" data-settings=\"{&quot;aos_animation_name&quot;:&quot;none&quot;}\" data-widget_type=\"heading.default\">\n\t\t\t\t<div class=\"elementor-widget-container\">\n\t\t\t<h2 class=\"elementor-heading-title elementor-size-default\">POL\u00cdTICA DE GEST\u00c3O INTEGRADA<\/h2>\t\t<\/div>\n\t\t\t\t<\/div>\n\t\t\t\t<div class=\"elementor-element elementor-element-4e21c9c elementor-widget elementor-widget-text-editor\" data-id=\"4e21c9c\" data-element_type=\"widget\" data-settings=\"{&quot;aos_animation_name&quot;:&quot;none&quot;}\" data-widget_type=\"text-editor.default\">\n\t\t\t\t<div class=\"elementor-widget-container\">\n\t\t\t\t\t\t\t<p>A Emep\u00ea Ind\u00fastria Gr\u00e1fica e Com\u00e9rcio Ltda., localizada em \u00e1rea industrial, produz e fornece embalagens ao mercado interno e externo e busca continuamente a Satisfa\u00e7\u00e3o dos Clientes.<\/p><p>Por interm\u00e9dio de solu\u00e7\u00f5es inovadoras, a Emep\u00ea se compromete em:<\/p><p>\u2022 Fornecer produtos e servi\u00e7os validados e com qualidade reconhecida, atendendo aos requisitos de Boas Pr\u00e1ticas de Fabrica\u00e7\u00e3o;<\/p><p>\u2022 Aprimorar continuamente os processos, a comunica\u00e7\u00e3o e o Sistema de Gest\u00e3o Integrado;<\/p><p>\u2022 Capacitar e conscientizar os colaboradores;<\/p><p>\u2022 Desenvolver os fornecedores para assegurar a qualidade dos nossos produtos e servi\u00e7os;<\/p><p>\u2022 Atender aos requisitos legais aplic\u00e1veis e outros relacionados ao Sistema de Gest\u00e3o Integrado;<\/p><p>\u2022 Respeitar ao meio ambiente.<\/p>\t\t\t\t\t\t<\/div>\n\t\t\t\t<\/div>\n\t\t\t\t\t<\/div>\n\t\t<\/div>\n\t\t\t\t\t<\/div>\n\t\t<\/section>\n\t\t\t\t<section class=\"elementor-section elementor-top-section elementor-element elementor-element-83027a0 elementor-section-boxed elementor-section-height-default elementor-section-height-default\" data-id=\"83027a0\" data-element_type=\"section\">\n\t\t\t\t\t\t<div class=\"elementor-container elementor-column-gap-extended\">\n\t\t\t\t\t<div class=\"elementor-column elementor-col-100 elementor-top-column elementor-element elementor-element-fbdcae8\" data-id=\"fbdcae8\" data-element_type=\"column\">\n\t\t\t<div class=\"elementor-widget-wrap elementor-element-populated\">\n\t\t\t\t\t\t<div data-aos=\"fade\" data-aos-once=\"true\" class=\"elementor-element elementor-element-e1e3933 elementor-widget elementor-widget-vlt-section-title\" data-id=\"e1e3933\" data-element_type=\"widget\" data-settings=\"{&quot;aos_animation_name&quot;:&quot;fade&quot;}\" data-widget_type=\"vlt-section-title.default\">\n\t\t\t\t<div class=\"elementor-widget-container\">\n\t\t\t\n\t<div class=\"vlt-section-title vlt-section-title--style-1\">\n\n\t\t<span class=\"vlt-section-title__subtitle\">Alcance del Sistema Integrado de Gesti\u00f3n<\/span><h2 class=\"vlt-section-title__title\">SISTEMA DE GEST\u00c3O INTEGRADO<\/h2>\n\t<\/div>\n\n\t\t\t<\/div>\n\t\t\t\t<\/div>\n\t\t\t\t<div class=\"elementor-element elementor-element-f285bbd elementor-widget elementor-widget-spacer\" data-id=\"f285bbd\" data-element_type=\"widget\" data-settings=\"{&quot;aos_animation_name&quot;:&quot;none&quot;}\" data-widget_type=\"spacer.default\">\n\t\t\t\t<div class=\"elementor-widget-container\">\n\t\t\t\t\t<div class=\"elementor-spacer\">\n\t\t\t<div class=\"elementor-spacer-inner\"><\/div>\n\t\t<\/div>\n\t\t\t\t<\/div>\n\t\t\t\t<\/div>\n\t\t\t\t<div data-aos=\"fade\" data-aos-delay=\"100\" data-aos-once=\"true\" class=\"elementor-element elementor-element-793e133 elementor-widget elementor-widget-text-editor\" data-id=\"793e133\" data-element_type=\"widget\" data-settings=\"{&quot;aos_animation_name&quot;:&quot;fade&quot;}\" data-widget_type=\"text-editor.default\">\n\t\t\t\t<div class=\"elementor-widget-container\">\n\t\t\t\t\t\t\t<p>A <strong>EMEP\u00ca<\/strong> possui um Sistema Integrado de Gest\u00e3o estabelecido de acordo com a norma <strong>NBR ISO 9001:2015<\/strong> documentado, implementado, mantido e melhorado para o seguinte escopo: <em>\u201cProjeto e produ\u00e7\u00e3o de: embalagens, acoplados, r\u00f3tulos, materiais promocionais e cartelas, impressos em papel e papel cart\u00e3o.\u201d, <\/em>da mesma forma em ingl\u00eas<em>: \u201cDesign and manufacturing of: packages, corrugated, labels, promotional materials and cards, printed in paper and cartoon paper.\u201d<\/em><\/p>\t\t\t\t\t\t<\/div>\n\t\t\t\t<\/div>\n\t\t\t\t\t<\/div>\n\t\t<\/div>\n\t\t\t\t\t<\/div>\n\t\t<\/section>\n\t\t\t\t<section class=\"elementor-section elementor-top-section elementor-element elementor-element-19347788 elementor-section-boxed elementor-section-height-default elementor-section-height-default\" data-id=\"19347788\" data-element_type=\"section\" data-settings=\"{&quot;background_background&quot;:&quot;classic&quot;}\">\n\t\t\t\t\t\t<div class=\"elementor-container elementor-column-gap-extended\">\n\t\t\t\t\t<div class=\"elementor-column elementor-col-100 elementor-top-column elementor-element elementor-element-75e43b01\" data-id=\"75e43b01\" data-element_type=\"column\">\n\t\t\t<div class=\"elementor-widget-wrap elementor-element-populated\">\n\t\t\t\t\t\t<div data-aos=\"fade\" data-aos-once=\"true\" class=\"elementor-element elementor-element-2ef75218 elementor-widget elementor-widget-vlt-stroke-text\" data-id=\"2ef75218\" data-element_type=\"widget\" data-settings=\"{&quot;aos_animation_name&quot;:&quot;fade&quot;}\" data-widget_type=\"vlt-stroke-text.default\">\n\t\t\t\t<div class=\"elementor-widget-container\">\n\t\t\t\n\t\t<div class=\"vlt-stroke-text vlt-stroke-text--md\">\n\n\t\t\t\n\t\t\t\t<a href=\"https:\/\/graficaemepe.com.br\/es\/trabalhe-conosco\/\">\n\n\t\t\t\n\t\t\tTrabaja con nosotros\n\t\t\t\n\t\t\t\t<\/a>\n\n\t\t\t\n\t\t<\/div>\n\n\t\t\t\t<\/div>\n\t\t\t\t<\/div>\n\t\t\t\t\t<\/div>\n\t\t<\/div>\n\t\t\t\t\t<\/div>\n\t\t<\/section>\n\t\t\t\t<\/div>","protected":false},"excerpt":{"rendered":"<p>Sobre N\u00f3s Sobre N\u00f3s A arte de materializar o que nos INSPIRA! Com o prop\u00f3sito de atender as demandas dos produtores agr\u00edcolas e tamb\u00e9m do com\u00e9rcio local de Vinhedo, munic\u00edpio do interior de S\u00e3o Paulo, iniciamos nossas atividades no segmento tipogr\u00e1fico em junho de 1956. No in\u00edcio, toda a produ\u00e7\u00e3o era focada em r\u00f3tulos para [&hellip;]<\/p>","protected":false},"author":3,"featured_media":0,"parent":0,"menu_order":0,"comment_status":"closed","ping_status":"closed","template":"template-custom-page.php","meta":{"_vp_format_video_url":"","_vp_image_focal_point":[],"footnotes":""},"class_list":["post-50","page","type-page","status-publish","hentry"],"aioseo_notices":[],"_links":{"self":[{"href":"https:\/\/graficaemepe.com.br\/es\/wp-json\/wp\/v2\/pages\/50","targetHints":{"allow":["GET"]}}],"collection":[{"href":"https:\/\/graficaemepe.com.br\/es\/wp-json\/wp\/v2\/pages"}],"about":[{"href":"https:\/\/graficaemepe.com.br\/es\/wp-json\/wp\/v2\/types\/page"}],"author":[{"embeddable":true,"href":"https:\/\/graficaemepe.com.br\/es\/wp-json\/wp\/v2\/users\/3"}],"replies":[{"embeddable":true,"href":"https:\/\/graficaemepe.com.br\/es\/wp-json\/wp\/v2\/comments?post=50"}],"version-history":[{"count":65,"href":"https:\/\/graficaemepe.com.br\/es\/wp-json\/wp\/v2\/pages\/50\/revisions"}],"predecessor-version":[{"id":2897,"href":"https:\/\/graficaemepe.com.br\/es\/wp-json\/wp\/v2\/pages\/50\/revisions\/2897"}],"wp:attachment":[{"href":"https:\/\/graficaemepe.com.br\/es\/wp-json\/wp\/v2\/media?parent=50"}],"curies":[{"name":"wp","href":"https:\/\/api.w.org\/{rel}","templated":true}]}}