{"id":46,"date":"2020-08-25T08:28:07","date_gmt":"2020-08-25T08:28:07","guid":{"rendered":"http:\/\/paul-themes.com\/wordpress\/skape\/?page_id=46"},"modified":"2021-10-22T19:36:22","modified_gmt":"2021-10-22T19:36:22","slug":"produtos","status":"publish","type":"page","link":"https:\/\/graficaemepe.com.br\/es\/produtos\/","title":{"rendered":"Productos"},"content":{"rendered":"<div data-elementor-type=\"wp-page\" data-elementor-id=\"46\" class=\"elementor elementor-46\" data-elementor-post-type=\"page\">\n\t\t\t\t\t\t<section class=\"elementor-section elementor-top-section elementor-element elementor-element-6d7739c elementor-section-full_width elementor-section-height-default elementor-section-height-default\" data-id=\"6d7739c\" data-element_type=\"section\">\n\t\t\t\t\t\t<div class=\"elementor-container elementor-column-gap-no\">\n\t\t\t\t\t<div class=\"elementor-column elementor-col-100 elementor-top-column elementor-element elementor-element-13d813b\" data-id=\"13d813b\" data-element_type=\"column\">\n\t\t\t<div class=\"elementor-widget-wrap elementor-element-populated\">\n\t\t\t\t\t\t<div class=\"elementor-element elementor-element-d397bd5 elementor-widget elementor-widget-vlt-page-title\" data-id=\"d397bd5\" data-element_type=\"widget\" data-settings=\"{&quot;aos_animation_name&quot;:&quot;none&quot;}\" data-widget_type=\"vlt-page-title.default\">\n\t\t\t\t<div class=\"elementor-widget-container\">\n\t\t\t\n\t\t<div class=\"vlt-page-title vlt-page-title--style-3 jarallax\">\n\n\t\t\t<img loading=\"lazy\" decoding=\"async\" width=\"1920\" height=\"960\" src=\"https:\/\/graficaemepe.com.br\/wp-content\/uploads\/2021\/09\/emepe_breadcrumbs_desktop_grafico.jpg\" class=\"jarallax-img\" alt=\"\" srcset=\"https:\/\/graficaemepe.com.br\/wp-content\/uploads\/2021\/09\/emepe_breadcrumbs_desktop_grafico.jpg 1920w, https:\/\/graficaemepe.com.br\/wp-content\/uploads\/2021\/09\/emepe_breadcrumbs_desktop_grafico-300x150.jpg 300w, https:\/\/graficaemepe.com.br\/wp-content\/uploads\/2021\/09\/emepe_breadcrumbs_desktop_grafico-1024x512.jpg 1024w, https:\/\/graficaemepe.com.br\/wp-content\/uploads\/2021\/09\/emepe_breadcrumbs_desktop_grafico-768x384.jpg 768w, https:\/\/graficaemepe.com.br\/wp-content\/uploads\/2021\/09\/emepe_breadcrumbs_desktop_grafico-1536x768.jpg 1536w, https:\/\/graficaemepe.com.br\/wp-content\/uploads\/2021\/09\/emepe_breadcrumbs_desktop_grafico-16x8.jpg 16w, https:\/\/graficaemepe.com.br\/wp-content\/uploads\/2021\/09\/emepe_breadcrumbs_desktop_grafico-500x250.jpg 500w, https:\/\/graficaemepe.com.br\/wp-content\/uploads\/2021\/09\/emepe_breadcrumbs_desktop_grafico-800x400.jpg 800w, https:\/\/graficaemepe.com.br\/wp-content\/uploads\/2021\/09\/emepe_breadcrumbs_desktop_grafico-1280x640.jpg 1280w\" sizes=\"auto, (max-width: 1920px) 100vw, 1920px\" \/><div class=\"vlt-page-title__overlay\"><\/div><a href=\"#content\" class=\"vlt-page-title__scroll-to vlt-scroll-to\"><i class=\"icon-arrow-down\"><\/i><\/a><div class=\"container\"><h1 class=\"vlt-page-title__title lax\" data-lax-translate-y=\"0 0, vh (vw*0.25)\" data-lax-opacity=\"1 1, (vh*0.5) 0\" data-lax-anchor=\".vlt-page-title\">Productos<\/h1><\/div>\n\t\t<\/div>\n\n\t\t<div id=\"content\"><\/div>\n\n\t\t\t\t<\/div>\n\t\t\t\t<\/div>\n\t\t\t\t\t<\/div>\n\t\t<\/div>\n\t\t\t\t\t<\/div>\n\t\t<\/section>\n\t\t\t\t<section class=\"elementor-section elementor-top-section elementor-element elementor-element-705e88a elementor-section-boxed elementor-section-height-default elementor-section-height-default\" data-id=\"705e88a\" data-element_type=\"section\">\n\t\t\t\t\t\t<div class=\"elementor-container elementor-column-gap-extended\">\n\t\t\t\t\t<div class=\"elementor-column elementor-col-25 elementor-top-column elementor-element elementor-element-446c40e\" data-id=\"446c40e\" data-element_type=\"column\">\n\t\t\t<div class=\"elementor-widget-wrap\">\n\t\t\t\t\t\t\t<\/div>\n\t\t<\/div>\n\t\t\t\t<div class=\"elementor-column elementor-col-25 elementor-top-column elementor-element elementor-element-2ecf603\" data-id=\"2ecf603\" data-element_type=\"column\">\n\t\t\t<div class=\"elementor-widget-wrap elementor-element-populated\">\n\t\t\t\t\t\t<div data-aos=\"fade\" data-aos-once=\"true\" class=\"elementor-element elementor-element-1feda27 elementor-widget elementor-widget-vlt-section-title\" data-id=\"1feda27\" data-element_type=\"widget\" data-settings=\"{&quot;aos_animation_name&quot;:&quot;fade&quot;}\" data-widget_type=\"vlt-section-title.default\">\n\t\t\t\t<div class=\"elementor-widget-container\">\n\t\t\t\n\t<div class=\"vlt-section-title vlt-section-title--style-1\">\n\n\t\t<span class=\"vlt-section-title__subtitle\">Servicios<\/span><h2 class=\"vlt-section-title__title\">Productos<\/h2>\n\t<\/div>\n\n\t\t\t<\/div>\n\t\t\t\t<\/div>\n\t\t\t\t<div class=\"elementor-element elementor-element-ed27212 elementor-widget elementor-widget-spacer\" data-id=\"ed27212\" data-element_type=\"widget\" data-settings=\"{&quot;aos_animation_name&quot;:&quot;none&quot;}\" data-widget_type=\"spacer.default\">\n\t\t\t\t<div class=\"elementor-widget-container\">\n\t\t\t\t\t<div class=\"elementor-spacer\">\n\t\t\t<div class=\"elementor-spacer-inner\"><\/div>\n\t\t<\/div>\n\t\t\t\t<\/div>\n\t\t\t\t<\/div>\n\t\t\t\t\t<\/div>\n\t\t<\/div>\n\t\t\t\t<div class=\"elementor-column elementor-col-25 elementor-top-column elementor-element elementor-element-7fc58c2\" data-id=\"7fc58c2\" data-element_type=\"column\">\n\t\t\t<div class=\"elementor-widget-wrap\">\n\t\t\t\t\t\t\t<\/div>\n\t\t<\/div>\n\t\t\t\t<div class=\"elementor-column elementor-col-25 elementor-top-column elementor-element elementor-element-8fda3fb\" data-id=\"8fda3fb\" data-element_type=\"column\">\n\t\t\t<div class=\"elementor-widget-wrap\">\n\t\t\t\t\t\t\t<\/div>\n\t\t<\/div>\n\t\t\t\t\t<\/div>\n\t\t<\/section>\n\t\t\t\t<section class=\"elementor-section elementor-top-section elementor-element elementor-element-330b569 elementor-section-boxed elementor-section-height-default elementor-section-height-default\" data-id=\"330b569\" data-element_type=\"section\">\n\t\t\t\t\t\t<div class=\"elementor-container elementor-column-gap-extended\">\n\t\t\t\t\t<div class=\"elementor-column elementor-col-25 elementor-top-column elementor-element elementor-element-394cf1f\" data-id=\"394cf1f\" data-element_type=\"column\">\n\t\t\t<div class=\"elementor-widget-wrap\">\n\t\t\t\t\t\t\t<\/div>\n\t\t<\/div>\n\t\t\t\t<div class=\"elementor-column elementor-col-25 elementor-top-column elementor-element elementor-element-29aebc4\" data-id=\"29aebc4\" data-element_type=\"column\">\n\t\t\t<div class=\"elementor-widget-wrap elementor-element-populated\">\n\t\t\t\t\t\t<div data-aos=\"fade\" data-aos-delay=\"100\" data-aos-once=\"true\" class=\"elementor-element elementor-element-2a6ae88 elementor-widget elementor-widget-text-editor\" data-id=\"2a6ae88\" data-element_type=\"widget\" data-settings=\"{&quot;aos_animation_name&quot;:&quot;fade&quot;}\" data-widget_type=\"text-editor.default\">\n\t\t\t\t<div class=\"elementor-widget-container\">\n\t\t\t\t\t\t\t<p>El empaque es la tarjeta de presentaci\u00f3n de su producto. Es aqu\u00ed donde el cliente tiene el primer contacto con lo comprado. Por eso, es importante que presente caracter\u00edsticas que comuniquen seguridad, confiabilidad y calidad al consumidor final. Confiamos en t\u00e9cnicas modernas de lucha contra la falsificaci\u00f3n para garantizar un embalaje seguro.<\/p><p>Ofrecemos las siguientes soluciones:<\/p>\t\t\t\t\t\t<\/div>\n\t\t\t\t<\/div>\n\t\t\t\t\t<\/div>\n\t\t<\/div>\n\t\t\t\t<div class=\"elementor-column elementor-col-25 elementor-top-column elementor-element elementor-element-439138a\" data-id=\"439138a\" data-element_type=\"column\">\n\t\t\t<div class=\"elementor-widget-wrap elementor-element-populated\">\n\t\t\t\t\t\t<div data-aos=\"fade\" data-aos-delay=\"300\" data-aos-once=\"true\" class=\"elementor-element elementor-element-1681fb4 elementor-widget elementor-widget-vlt-styled-list\" data-id=\"1681fb4\" data-element_type=\"widget\" data-settings=\"{&quot;aos_animation_name&quot;:&quot;fade&quot;}\" data-widget_type=\"vlt-styled-list.default\">\n\t\t\t\t<div class=\"elementor-widget-container\">\n\t\t\t\n\t\t<ul class=\"vlt-styled-list vlt-styled-list--style-3\">\n\n\t\t\t<li>Embalaje impreso en papel d\u00faplex \/ triplex \/ metalizado \/ laminado;<\/li><li>Micro-ondulado en ondas B, E y F<\/li><li>Blister \/ Paquetes de piel<\/li><li>Pantallas<\/li><li>Aplicaci\u00f3n de acabados especiales, incluido el barniz UV.<\/li><li>Alivio, braille, holograf\u00eda y estampado en caliente.<\/li><li>Aplicaci\u00f3n de t\u00e9cnicas anti-fumadores.<\/li><li>Asas y envolturas<\/li><li>Desarrollo de muestras (maquetas)<\/li>\n\t\t<\/ul>\n\n\t\t\t\t<\/div>\n\t\t\t\t<\/div>\n\t\t\t\t\t<\/div>\n\t\t<\/div>\n\t\t\t\t<div class=\"elementor-column elementor-col-25 elementor-top-column elementor-element elementor-element-6337ce1\" data-id=\"6337ce1\" data-element_type=\"column\">\n\t\t\t<div class=\"elementor-widget-wrap\">\n\t\t\t\t\t\t\t<\/div>\n\t\t<\/div>\n\t\t\t\t\t<\/div>\n\t\t<\/section>\n\t\t\t\t<section class=\"elementor-section elementor-top-section elementor-element elementor-element-4a7f640 elementor-section-boxed elementor-section-height-default elementor-section-height-default\" data-id=\"4a7f640\" data-element_type=\"section\">\n\t\t\t\t\t\t<div class=\"elementor-container elementor-column-gap-extended\">\n\t\t\t\t\t<div class=\"elementor-column elementor-col-33 elementor-top-column elementor-element elementor-element-b8158c0\" data-id=\"b8158c0\" data-element_type=\"column\">\n\t\t\t<div class=\"elementor-widget-wrap\">\n\t\t\t\t\t\t\t<\/div>\n\t\t<\/div>\n\t\t\t\t<div class=\"elementor-column elementor-col-33 elementor-top-column elementor-element elementor-element-28f05fb\" data-id=\"28f05fb\" data-element_type=\"column\">\n\t\t\t<div class=\"elementor-widget-wrap elementor-element-populated\">\n\t\t\t\t\t\t<div class=\"elementor-element elementor-element-b1e9285 elementor-widget__width-initial elementor-absolute elementor-widget elementor-widget-vlt-particle\" data-id=\"b1e9285\" data-element_type=\"widget\" data-settings=\"{&quot;_position&quot;:&quot;absolute&quot;,&quot;aos_animation_name&quot;:&quot;none&quot;}\" data-widget_type=\"vlt-particle.default\">\n\t\t\t\t<div class=\"elementor-widget-container\">\n\t\t\t\n\t\t<div class=\"vlt-particle\" data-animation-name=\"fadeInUp\" style=\" --animate-delay: 500ms;\">\n\n\t\t\t\n\t\t\t\t<img loading=\"lazy\" decoding=\"async\" width=\"275\" height=\"600\" src=\"https:\/\/graficaemepe.com.br\/wp-content\/uploads\/2020\/08\/square-plus-pattern-long.png\" class=\"attachment-full size-full\" alt=\"\" srcset=\"https:\/\/graficaemepe.com.br\/wp-content\/uploads\/2020\/08\/square-plus-pattern-long.png 275w, https:\/\/graficaemepe.com.br\/wp-content\/uploads\/2020\/08\/square-plus-pattern-long-138x300.png 138w\" sizes=\"auto, (max-width: 275px) 100vw, 275px\" \/>\n\t\t\t\n\t\t<\/div>\n\n\t\t\t\t<\/div>\n\t\t\t\t<\/div>\n\t\t\t\t<div data-aos=\"fade\" data-aos-delay=\"100\" data-aos-once=\"true\" class=\"elementor-element elementor-element-6db2bc1 elementor-widget elementor-widget-visual-portfolio\" data-id=\"6db2bc1\" data-element_type=\"widget\" data-settings=\"{&quot;aos_animation_name&quot;:&quot;fade&quot;}\" data-widget_type=\"visual-portfolio.default\">\n\t\t\t\t<div class=\"elementor-widget-container\">\n\t\t\t\t\t<div\n\t\t\t\t\t>\n\t\t\t\t\t\t\t\n<div class=\"vp-portfolio vp-uid-4d48f4c9 vp-id-2252\"\n\tdata-vp-layout=\"grid\" data-vp-content-source=\"images\" data-vp-items-style=\"skape_work_style_2\" data-vp-items-click-action=\"\" data-vp-items-gap=\"100\" data-vp-items-gap-vertical=\"\" data-vp-pagination=\"load-more\" data-vp-next-page-url=\"\" data-vp-grid-columns=\"2\" data-vp-tilt-effect=\"false\" data-vp-slider-stretch-to-container=\"false\" data-vp-slider-navigation-anchor=\"\" >\n\t<div class=\"vp-portfolio__preloader-wrap\">\n\t\t<div class=\"vp-portfolio__preloader\">\n\t\t\t<img decoding=\"async\" loading=\"eager\" src=\"https:\/\/graficaemepe.com.br\/wp-content\/plugins\/visual-portfolio\/assets\/images\/logo-dark.svg\" alt=\"Visual Portfolio, Posts &amp; Image Gallery para WordPress\" width=\"20\" height=\"20\" data-skip-lazy>\n\t\t<\/div>\n\t<\/div>\n\t\t<div class=\"vp-portfolio__items-wrap\">\n\t\t\t\n<div class=\"vp-portfolio__items vp-portfolio__items-style-skape_work_style_2\">\n\n\t\t<div\t\tclass=\"vp-portfolio__item-wrap vp-portfolio__item-uid-bfe360b9\" data-vp-filter=\"\" \t\t>\n\t\t\t\t\t\t\t\t\t<figure class=\"vp-portfolio__item\">\n\t\t\t\t\n<div class=\"vp-portfolio__item-img-wrap\">\n\t<div class=\"vp-portfolio__item-img\">\n\t\t\t\t\t<noscript><\/noscript>\n\t\t\t<noscript><img fetchpriority=\"high\" decoding=\"async\" width=\"722\" height=\"840\" src=\"https:\/\/graficaemepe.com.br\/wp-content\/uploads\/2021\/07\/emepe_img_pagGraficos_1.png\" class=\"wp-image-2255\" alt=\"\" srcset=\"https:\/\/graficaemepe.com.br\/wp-content\/uploads\/2021\/07\/emepe_img_pagGraficos_1.png 722w, https:\/\/graficaemepe.com.br\/wp-content\/uploads\/2021\/07\/emepe_img_pagGraficos_1-258x300.png 258w, https:\/\/graficaemepe.com.br\/wp-content\/uploads\/2021\/07\/emepe_img_pagGraficos_1-500x582.png 500w\" sizes=\"(max-width: 722px) 100vw, 722px\" \/><\/noscript><img decoding=\"async\" width=\"722\" height=\"840\" src=\"https:\/\/graficaemepe.com.br\/wp-content\/uploads\/2021\/07\/emepe_img_pagGraficos_1.png\" class=\"wp-image-2255 vp-lazyload\" alt srcset=\"data:image\/svg+xml;base64,PHN2ZyB3aWR0aD0iNzIyIiBoZWlnaHQ9Ijg0MCIgdmlld0JveD0iMCAwIDcyMiA4NDAiIGZpbGw9Im5vbmUiIHhtbG5zPSJodHRwOi8vd3d3LnczLm9yZy8yMDAwL3N2ZyI+PC9zdmc+\" data-src=\"https:\/\/graficaemepe.com.br\/wp-content\/uploads\/2021\/07\/emepe_img_pagGraficos_1.png\" data-srcset=\"https:\/\/graficaemepe.com.br\/wp-content\/uploads\/2021\/07\/emepe_img_pagGraficos_1.png 722w, https:\/\/graficaemepe.com.br\/wp-content\/uploads\/2021\/07\/emepe_img_pagGraficos_1-258x300.png 258w, https:\/\/graficaemepe.com.br\/wp-content\/uploads\/2021\/07\/emepe_img_pagGraficos_1-500x582.png 500w\" data-sizes=\"auto\" loading=\"eager\">\t<\/div>\n<\/div>\n<figcaption class=\"vp-portfolio__item-overlay vp-portfolio__item-align-center\">\n\t<span\t\t\t\tclass=\"vp-portfolio__item-meta has-cursor\">\n\n\t\t\n\t<\/span>\n<\/figcaption>\t\t\t<\/figure>\n\t\t\t\t\t<\/div>\n\t\t\n\t\t<div\t\tclass=\"vp-portfolio__item-wrap vp-portfolio__item-uid-dc8bf8c0\" data-vp-filter=\"\" \t\t>\n\t\t\t\t\t\t\t\t\t<figure class=\"vp-portfolio__item\">\n\t\t\t\t\n<div class=\"vp-portfolio__item-img-wrap\">\n\t<div class=\"vp-portfolio__item-img\">\n\t\t\t\t\t<noscript><\/noscript>\n\t\t\t<noscript><img decoding=\"async\" width=\"722\" height=\"473\" src=\"https:\/\/graficaemepe.com.br\/wp-content\/uploads\/2021\/07\/emepe_img_pagGraficos_2-2.jpg\" class=\"wp-image-2560\" alt=\"\" srcset=\"https:\/\/graficaemepe.com.br\/wp-content\/uploads\/2021\/07\/emepe_img_pagGraficos_2-2.jpg 722w, https:\/\/graficaemepe.com.br\/wp-content\/uploads\/2021\/07\/emepe_img_pagGraficos_2-2-300x197.jpg 300w, https:\/\/graficaemepe.com.br\/wp-content\/uploads\/2021\/07\/emepe_img_pagGraficos_2-2-16x10.jpg 16w, https:\/\/graficaemepe.com.br\/wp-content\/uploads\/2021\/07\/emepe_img_pagGraficos_2-2-500x328.jpg 500w\" sizes=\"(max-width: 722px) 100vw, 722px\" \/><\/noscript><img decoding=\"async\" width=\"722\" height=\"473\" src=\"https:\/\/graficaemepe.com.br\/wp-content\/uploads\/2021\/07\/emepe_img_pagGraficos_2-2.jpg\" class=\"wp-image-2560 vp-lazyload\" alt srcset=\"data:image\/svg+xml;base64,PHN2ZyB3aWR0aD0iNzIyIiBoZWlnaHQ9IjQ3MyIgdmlld0JveD0iMCAwIDcyMiA0NzMiIGZpbGw9Im5vbmUiIHhtbG5zPSJodHRwOi8vd3d3LnczLm9yZy8yMDAwL3N2ZyI+PC9zdmc+\" data-src=\"https:\/\/graficaemepe.com.br\/wp-content\/uploads\/2021\/07\/emepe_img_pagGraficos_2-2.jpg\" data-srcset=\"https:\/\/graficaemepe.com.br\/wp-content\/uploads\/2021\/07\/emepe_img_pagGraficos_2-2.jpg 722w, https:\/\/graficaemepe.com.br\/wp-content\/uploads\/2021\/07\/emepe_img_pagGraficos_2-2-300x197.jpg 300w, https:\/\/graficaemepe.com.br\/wp-content\/uploads\/2021\/07\/emepe_img_pagGraficos_2-2-16x10.jpg 16w, https:\/\/graficaemepe.com.br\/wp-content\/uploads\/2021\/07\/emepe_img_pagGraficos_2-2-500x328.jpg 500w\" data-sizes=\"auto\" loading=\"eager\">\t<\/div>\n<\/div>\n<figcaption class=\"vp-portfolio__item-overlay vp-portfolio__item-align-center\">\n\t<span\t\t\t\tclass=\"vp-portfolio__item-meta has-cursor\">\n\n\t\t\n\t<\/span>\n<\/figcaption>\t\t\t<\/figure>\n\t\t\t\t\t<\/div>\n\t\t\n<\/div>\n\t\t<\/div>\n\t\t\n<\/div>\n\t\t\t\t\t<\/div>\n\t\t\t\t<\/div>\n\t\t\t\t<\/div>\n\t\t\t\t\t<\/div>\n\t\t<\/div>\n\t\t\t\t<div class=\"elementor-column elementor-col-33 elementor-top-column elementor-element elementor-element-b576290\" data-id=\"b576290\" data-element_type=\"column\">\n\t\t\t<div class=\"elementor-widget-wrap\">\n\t\t\t\t\t\t\t<\/div>\n\t\t<\/div>\n\t\t\t\t\t<\/div>\n\t\t<\/section>\n\t\t\t\t<section class=\"elementor-section elementor-top-section elementor-element elementor-element-2475aeb6 elementor-section-boxed elementor-section-height-default elementor-section-height-default\" data-id=\"2475aeb6\" data-element_type=\"section\" data-settings=\"{&quot;background_background&quot;:&quot;classic&quot;}\">\n\t\t\t\t\t\t<div class=\"elementor-container elementor-column-gap-default\">\n\t\t\t\t\t<div class=\"elementor-column elementor-col-100 elementor-top-column elementor-element elementor-element-2b41ab2a\" data-id=\"2b41ab2a\" data-element_type=\"column\">\n\t\t\t<div class=\"elementor-widget-wrap elementor-element-populated\">\n\t\t\t\t\t\t<div class=\"elementor-element elementor-element-ccd7764 elementor-widget elementor-widget-spacer\" data-id=\"ccd7764\" data-element_type=\"widget\" data-settings=\"{&quot;aos_animation_name&quot;:&quot;none&quot;}\" data-widget_type=\"spacer.default\">\n\t\t\t\t<div class=\"elementor-widget-container\">\n\t\t\t\t\t<div class=\"elementor-spacer\">\n\t\t\t<div class=\"elementor-spacer-inner\"><\/div>\n\t\t<\/div>\n\t\t\t\t<\/div>\n\t\t\t\t<\/div>\n\t\t\t\t<div data-aos=\"fade\" data-aos-once=\"true\" class=\"elementor-element elementor-element-4029d174 elementor-widget elementor-widget-vlt-section-title\" data-id=\"4029d174\" data-element_type=\"widget\" data-settings=\"{&quot;aos_animation_name&quot;:&quot;fade&quot;}\" data-widget_type=\"vlt-section-title.default\">\n\t\t\t\t<div class=\"elementor-widget-container\">\n\t\t\t\n\t<div class=\"vlt-section-title vlt-section-title--style-1\">\n\n\t\t<h2 class=\"vlt-section-title__title\">D\u00ednos c\u00f3mo podemos ayudarte<\/h2>\n\t<\/div>\n\n\t\t\t<\/div>\n\t\t\t\t<\/div>\n\t\t\t\t<div class=\"elementor-element elementor-element-56c5d675 elementor-widget elementor-widget-spacer\" data-id=\"56c5d675\" data-element_type=\"widget\" data-settings=\"{&quot;aos_animation_name&quot;:&quot;none&quot;}\" data-widget_type=\"spacer.default\">\n\t\t\t\t<div class=\"elementor-widget-container\">\n\t\t\t\t\t<div class=\"elementor-spacer\">\n\t\t\t<div class=\"elementor-spacer-inner\"><\/div>\n\t\t<\/div>\n\t\t\t\t<\/div>\n\t\t\t\t<\/div>\n\t\t\t\t<div class=\"elementor-element elementor-element-4b45875 elementor-button-align-center elementor-widget elementor-widget-form\" data-id=\"4b45875\" data-element_type=\"widget\" data-settings=\"{&quot;step_next_label&quot;:&quot;Next&quot;,&quot;step_previous_label&quot;:&quot;Previous&quot;,&quot;button_width&quot;:&quot;100&quot;,&quot;step_type&quot;:&quot;number_text&quot;,&quot;step_icon_shape&quot;:&quot;circle&quot;,&quot;aos_animation_name&quot;:&quot;none&quot;}\" data-widget_type=\"form.default\">\n\t\t\t\t<div class=\"elementor-widget-container\">\n\t\t\t\t\t<form class=\"elementor-form\" method=\"post\" name=\"New Form\" action=\"\">\n\t\t\t<input type=\"hidden\" name=\"post_id\" value=\"46\"\/>\n\t\t\t<input type=\"hidden\" name=\"form_id\" value=\"4b45875\"\/>\n\t\t\t<input type=\"hidden\" name=\"referer_title\" value=\"\" \/>\n\n\t\t\t\n\t\t\t<div class=\"elementor-form-fields-wrapper elementor-labels-\">\n\t\t\t\t\t\t\t\t<div class=\"elementor-field-type-text elementor-field-group elementor-column elementor-field-group-name elementor-col-100 elementor-field-required\">\n\t\t\t\t\t\t\t\t\t\t\t\t<label for=\"form-field-name\" class=\"elementor-field-label elementor-screen-only\">\n\t\t\t\t\t\t\t\tNombre\t\t\t\t\t\t\t<\/label>\n\t\t\t\t\t\t\t\t\t\t\t\t\t\t<input size=\"1\" type=\"text\" name=\"form_fields[name]\" id=\"form-field-name\" class=\"elementor-field elementor-size-sm  elementor-field-textual\" placeholder=\" Nombre\" required=\"required\" aria-required=\"true\">\n\t\t\t\t\t\t\t\t\t\t\t<\/div>\n\t\t\t\t\t\t\t\t<div class=\"elementor-field-type-email elementor-field-group elementor-column elementor-field-group-email elementor-col-100 elementor-field-required\">\n\t\t\t\t\t\t\t\t\t\t\t\t<label for=\"form-field-email\" class=\"elementor-field-label elementor-screen-only\">\n\t\t\t\t\t\t\t\tCorreo electr\u00f3nico\t\t\t\t\t\t\t<\/label>\n\t\t\t\t\t\t\t\t\t\t\t\t\t\t<input size=\"1\" type=\"email\" name=\"form_fields[email]\" id=\"form-field-email\" class=\"elementor-field elementor-size-sm  elementor-field-textual\" placeholder=\" Correo electr\u00f3nico\" required=\"required\" aria-required=\"true\">\n\t\t\t\t\t\t\t\t\t\t\t<\/div>\n\t\t\t\t\t\t\t\t<div class=\"elementor-field-type-tel elementor-field-group elementor-column elementor-field-group-field_7dd5b65 elementor-col-100 elementor-field-required\">\n\t\t\t\t\t\t\t\t\t\t\t\t<label for=\"form-field-field_7dd5b65\" class=\"elementor-field-label elementor-screen-only\">\n\t\t\t\t\t\t\t\tTel\u00e9fono\t\t\t\t\t\t\t<\/label>\n\t\t\t\t\t\t\t\t<input size=\"1\" type=\"tel\" name=\"form_fields[field_7dd5b65]\" id=\"form-field-field_7dd5b65\" class=\"elementor-field elementor-size-sm  elementor-field-textual\" placeholder=\" Tel\u00e9fono\" required=\"required\" aria-required=\"true\" pattern=\"[0-9()#&amp;+*-=.]+\" title=\"Only numbers and phone characters (#, -, *, etc) are accepted.\">\n\n\t\t\t\t\t\t<\/div>\n\t\t\t\t\t\t\t\t<div class=\"elementor-field-type-select elementor-field-group elementor-column elementor-field-group-field_b059cbd elementor-col-100 elementor-field-required\">\n\t\t\t\t\t\t\t<div class=\"elementor-field elementor-select-wrapper remove-before\">\n\t\t\t<div class=\"select-caret-down-wrapper\">\n\t\t\t\t<i aria-hidden=\"true\" class=\"eicon-caret-down\"><\/i>\t\t\t<\/div>\n\t\t\t<select name=\"form_fields[field_b059cbd]\" id=\"form-field-field_b059cbd\" class=\"elementor-field-textual elementor-size-sm\" required=\"required\" aria-required=\"true\">\n\t\t\t\t\t\t\t\t\t<option value=\"Setor de Contato...\">Setor de Contato...<\/option>\n\t\t\t\t\t\t\t\t\t<option value=\"Ouvidoria\">Ouvidoria<\/option>\n\t\t\t\t\t\t\t\t\t<option value=\"Vendas\">Vendas<\/option>\n\t\t\t\t\t\t\t\t\t<option value=\"Recursos Humanos\">Recursos Humanos<\/option>\n\t\t\t\t\t\t\t<\/select>\n\t\t<\/div>\n\t\t\t\t\t\t<\/div>\n\t\t\t\t\t\t\t\t<div class=\"elementor-field-type-textarea elementor-field-group elementor-column elementor-field-group-message elementor-col-100 elementor-field-required\">\n\t\t\t\t\t\t\t\t\t\t\t\t<label for=\"form-field-message\" class=\"elementor-field-label elementor-screen-only\">\n\t\t\t\t\t\t\t\tMensaje\t\t\t\t\t\t\t<\/label>\n\t\t\t\t\t\t<textarea class=\"elementor-field-textual elementor-field  elementor-size-sm\" name=\"form_fields[message]\" id=\"form-field-message\" rows=\"4\" placeholder=\"Mensaje\" required=\"required\" aria-required=\"true\"><\/textarea>\t\t\t\t<\/div>\n\t\t\t\t\t\t\t\t<div class=\"elementor-field-group elementor-column elementor-field-type-submit elementor-col-100 e-form__buttons\">\n\t\t\t\t\t<button type=\"submit\" class=\"elementor-button elementor-size-md elementor-animation-shrink\">\n\t\t\t\t\t\t<span >\n\t\t\t\t\t\t\t\t\t\t\t\t\t\t\t<span class=\"elementor-button-icon\">\n\t\t\t\t\t\t\t\t\t\t\t\t\t\t\t\t\t\t\t\t\t\t\t\t\t\t<\/span>\n\t\t\t\t\t\t\t\t\t\t\t\t\t\t\t\t\t\t\t\t\t\t<span class=\"elementor-button-text\">Mandar<\/span>\n\t\t\t\t\t\t\t\t\t\t\t\t\t<\/span>\n\t\t\t\t\t<\/button>\n\t\t\t\t<\/div>\n\t\t\t<\/div>\n\t\t<input type=\"hidden\" name=\"trp-form-language\" value=\"es\"\/><\/form>\n\t\t\t\t<\/div>\n\t\t\t\t<\/div>\n\t\t\t\t<div class=\"elementor-element elementor-element-63de186c elementor-widget elementor-widget-spacer\" data-id=\"63de186c\" data-element_type=\"widget\" data-settings=\"{&quot;aos_animation_name&quot;:&quot;none&quot;}\" data-widget_type=\"spacer.default\">\n\t\t\t\t<div class=\"elementor-widget-container\">\n\t\t\t\t\t<div class=\"elementor-spacer\">\n\t\t\t<div class=\"elementor-spacer-inner\"><\/div>\n\t\t<\/div>\n\t\t\t\t<\/div>\n\t\t\t\t<\/div>\n\t\t\t\t\t<\/div>\n\t\t<\/div>\n\t\t\t\t\t<\/div>\n\t\t<\/section>\n\t\t\t\t<\/div>","protected":false},"excerpt":{"rendered":"<p>Produtos Servi\u00e7os Produtos A embalagem \u00e9 o cart\u00e3o de visita do seu produto. \u00c9 nela que o cliente tem o primeiro contato com o que foi adquirido. Por isso, \u00e9 importante que ela apresente caracter\u00edsticas que comuniquem seguran\u00e7a, confiabilidade e qualidade ao consumidor final. Contamos com t\u00e9cnicas modernas de antifalsifica\u00e7\u00e3o para garantir embalagens seguras. Oferecemos [&hellip;]<\/p>","protected":false},"author":3,"featured_media":0,"parent":0,"menu_order":0,"comment_status":"closed","ping_status":"closed","template":"template-custom-page.php","meta":{"_vp_format_video_url":"","_vp_image_focal_point":[],"footnotes":""},"class_list":["post-46","page","type-page","status-publish","hentry"],"aioseo_notices":[],"_links":{"self":[{"href":"https:\/\/graficaemepe.com.br\/es\/wp-json\/wp\/v2\/pages\/46","targetHints":{"allow":["GET"]}}],"collection":[{"href":"https:\/\/graficaemepe.com.br\/es\/wp-json\/wp\/v2\/pages"}],"about":[{"href":"https:\/\/graficaemepe.com.br\/es\/wp-json\/wp\/v2\/types\/page"}],"author":[{"embeddable":true,"href":"https:\/\/graficaemepe.com.br\/es\/wp-json\/wp\/v2\/users\/3"}],"replies":[{"embeddable":true,"href":"https:\/\/graficaemepe.com.br\/es\/wp-json\/wp\/v2\/comments?post=46"}],"version-history":[{"count":50,"href":"https:\/\/graficaemepe.com.br\/es\/wp-json\/wp\/v2\/pages\/46\/revisions"}],"predecessor-version":[{"id":2840,"href":"https:\/\/graficaemepe.com.br\/es\/wp-json\/wp\/v2\/pages\/46\/revisions\/2840"}],"wp:attachment":[{"href":"https:\/\/graficaemepe.com.br\/es\/wp-json\/wp\/v2\/media?parent=46"}],"curies":[{"name":"wp","href":"https:\/\/api.w.org\/{rel}","templated":true}]}}