{"id":44,"date":"2020-08-25T08:27:53","date_gmt":"2020-08-25T08:27:53","guid":{"rendered":"http:\/\/paul-themes.com\/wordpress\/skape\/?page_id=44"},"modified":"2021-10-22T19:42:38","modified_gmt":"2021-10-22T19:42:38","slug":"segmentos","status":"publish","type":"page","link":"https:\/\/graficaemepe.com.br\/es\/segmentos\/","title":{"rendered":"Segmentos"},"content":{"rendered":"<div data-elementor-type=\"wp-page\" data-elementor-id=\"44\" class=\"elementor elementor-44\" data-elementor-post-type=\"page\">\n\t\t\t\t\t\t<section class=\"elementor-section elementor-top-section elementor-element elementor-element-8e7cb93 elementor-section-full_width elementor-section-height-default elementor-section-height-default\" data-id=\"8e7cb93\" data-element_type=\"section\">\n\t\t\t\t\t\t<div class=\"elementor-container elementor-column-gap-no\">\n\t\t\t\t\t<div class=\"elementor-column elementor-col-100 elementor-top-column elementor-element elementor-element-af5b0a9\" data-id=\"af5b0a9\" data-element_type=\"column\">\n\t\t\t<div class=\"elementor-widget-wrap elementor-element-populated\">\n\t\t\t\t\t\t<div class=\"elementor-element elementor-element-d0d16de elementor-widget elementor-widget-vlt-page-title\" data-id=\"d0d16de\" data-element_type=\"widget\" data-settings=\"{&quot;aos_animation_name&quot;:&quot;none&quot;}\" data-widget_type=\"vlt-page-title.default\">\n\t\t\t\t<div class=\"elementor-widget-container\">\n\t\t\t\n\t\t<div class=\"vlt-page-title vlt-page-title--style-3 jarallax\">\n\n\t\t\t<img loading=\"lazy\" decoding=\"async\" width=\"1920\" height=\"960\" src=\"https:\/\/graficaemepe.com.br\/wp-content\/uploads\/2021\/07\/emepe_breadcrumbs_desktop_segmentos-1920x960.jpg\" class=\"jarallax-img\" alt=\"\" srcset=\"https:\/\/graficaemepe.com.br\/wp-content\/uploads\/2021\/07\/emepe_breadcrumbs_desktop_segmentos.jpg 1920w, https:\/\/graficaemepe.com.br\/wp-content\/uploads\/2021\/07\/emepe_breadcrumbs_desktop_segmentos-300x150.jpg 300w, https:\/\/graficaemepe.com.br\/wp-content\/uploads\/2021\/07\/emepe_breadcrumbs_desktop_segmentos-1024x512.jpg 1024w, https:\/\/graficaemepe.com.br\/wp-content\/uploads\/2021\/07\/emepe_breadcrumbs_desktop_segmentos-768x384.jpg 768w, https:\/\/graficaemepe.com.br\/wp-content\/uploads\/2021\/07\/emepe_breadcrumbs_desktop_segmentos-1536x768.jpg 1536w, https:\/\/graficaemepe.com.br\/wp-content\/uploads\/2021\/07\/emepe_breadcrumbs_desktop_segmentos-500x250.jpg 500w, https:\/\/graficaemepe.com.br\/wp-content\/uploads\/2021\/07\/emepe_breadcrumbs_desktop_segmentos-800x400.jpg 800w, https:\/\/graficaemepe.com.br\/wp-content\/uploads\/2021\/07\/emepe_breadcrumbs_desktop_segmentos-1280x640.jpg 1280w\" sizes=\"auto, (max-width: 1920px) 100vw, 1920px\" \/><div class=\"vlt-page-title__overlay\"><\/div><a href=\"#content\" class=\"vlt-page-title__scroll-to vlt-scroll-to\"><i class=\"icon-arrow-down\"><\/i><\/a><div class=\"container\"><h1 class=\"vlt-page-title__title lax\" data-lax-translate-y=\"0 0, vh (vw*0.25)\" data-lax-opacity=\"1 1, (vh*0.5) 0\" data-lax-anchor=\".vlt-page-title\">Segmentos<\/h1><\/div>\n\t\t<\/div>\n\n\t\t<div id=\"content\"><\/div>\n\n\t\t\t\t<\/div>\n\t\t\t\t<\/div>\n\t\t\t\t\t<\/div>\n\t\t<\/div>\n\t\t\t\t\t<\/div>\n\t\t<\/section>\n\t\t\t\t<section class=\"elementor-section elementor-top-section elementor-element elementor-element-bf9ce2c elementor-section-boxed elementor-section-height-default elementor-section-height-default\" data-id=\"bf9ce2c\" data-element_type=\"section\">\n\t\t\t\t\t\t<div class=\"elementor-container elementor-column-gap-extended\">\n\t\t\t\t\t<div class=\"elementor-column elementor-col-25 elementor-top-column elementor-element elementor-element-ff15e76\" data-id=\"ff15e76\" data-element_type=\"column\">\n\t\t\t<div class=\"elementor-widget-wrap\">\n\t\t\t\t\t\t\t<\/div>\n\t\t<\/div>\n\t\t\t\t<div class=\"elementor-column elementor-col-50 elementor-top-column elementor-element elementor-element-05b9368\" data-id=\"05b9368\" data-element_type=\"column\">\n\t\t\t<div class=\"elementor-widget-wrap elementor-element-populated\">\n\t\t\t\t\t\t<div data-aos=\"fade\" data-aos-once=\"true\" class=\"elementor-element elementor-element-f6408e9 elementor-widget elementor-widget-vlt-section-title\" data-id=\"f6408e9\" data-element_type=\"widget\" data-settings=\"{&quot;aos_animation_name&quot;:&quot;fade&quot;}\" data-widget_type=\"vlt-section-title.default\">\n\t\t\t\t<div class=\"elementor-widget-container\">\n\t\t\t\n\t<div class=\"vlt-section-title vlt-section-title--style-1\">\n\n\t\t<h2 class=\"vlt-section-title__title\">\u00c1reas de Actuaci\u00f3n<\/h2>\n\t<\/div>\n\n\t\t\t<\/div>\n\t\t\t\t<\/div>\n\t\t\t\t\t<\/div>\n\t\t<\/div>\n\t\t\t\t<div class=\"elementor-column elementor-col-25 elementor-top-column elementor-element elementor-element-843b1af\" data-id=\"843b1af\" data-element_type=\"column\">\n\t\t\t<div class=\"elementor-widget-wrap\">\n\t\t\t\t\t\t\t<\/div>\n\t\t<\/div>\n\t\t\t\t\t<\/div>\n\t\t<\/section>\n\t\t\t\t<section class=\"elementor-section elementor-top-section elementor-element elementor-element-720e102 elementor-section-boxed elementor-section-height-default elementor-section-height-default\" data-id=\"720e102\" data-element_type=\"section\">\n\t\t\t\t\t\t<div class=\"elementor-container elementor-column-gap-extended\">\n\t\t\t\t\t<div class=\"elementor-column elementor-col-100 elementor-top-column elementor-element elementor-element-78fcd6d\" data-id=\"78fcd6d\" data-element_type=\"column\">\n\t\t\t<div class=\"elementor-widget-wrap elementor-element-populated\">\n\t\t\t\t\t\t<div class=\"elementor-element elementor-element-a6e4875 elementor-widget__width-initial elementor-absolute elementor-widget elementor-widget-vlt-particle\" data-id=\"a6e4875\" data-element_type=\"widget\" data-settings=\"{&quot;_position&quot;:&quot;absolute&quot;,&quot;aos_animation_name&quot;:&quot;none&quot;}\" data-widget_type=\"vlt-particle.default\">\n\t\t\t\t<div class=\"elementor-widget-container\">\n\t\t\t\n\t\t<div class=\"vlt-particle\" data-animation-name=\"fadeInUp\" style=\" --animate-delay: 500ms;\">\n\n\t\t\t\n\t\t\t\t<img loading=\"lazy\" decoding=\"async\" width=\"324\" height=\"339\" src=\"https:\/\/graficaemepe.com.br\/wp-content\/uploads\/2020\/08\/square-plus-pattern.png\" class=\"attachment-full size-full\" alt=\"\" srcset=\"https:\/\/graficaemepe.com.br\/wp-content\/uploads\/2020\/08\/square-plus-pattern.png 324w, https:\/\/graficaemepe.com.br\/wp-content\/uploads\/2020\/08\/square-plus-pattern-287x300.png 287w\" sizes=\"auto, (max-width: 324px) 100vw, 324px\" \/>\n\t\t\t\n\t\t<\/div>\n\n\t\t\t\t<\/div>\n\t\t\t\t<\/div>\n\t\t\t\t<div data-aos=\"fade\" data-aos-delay=\"100\" data-aos-once=\"true\" class=\"elementor-element elementor-element-1c73e9b elementor-widget elementor-widget-text-editor\" data-id=\"1c73e9b\" data-element_type=\"widget\" data-settings=\"{&quot;aos_animation_name&quot;:&quot;fade&quot;}\" data-widget_type=\"text-editor.default\">\n\t\t\t\t<div class=\"elementor-widget-container\">\n\t\t\t\t\t\t\t<p>Somos una empresa que cumple con los requisitos de Buenas Pr\u00e1cticas de Manufactura aplicables a la producci\u00f3n de envases en los segmentos Farmac\u00e9utico, Alimentario, Cosm\u00e9tico y Qu\u00edmico. Esta certificaci\u00f3n est\u00e1 en l\u00ednea con los requisitos de la norma ISO 9001, que asegura la calidad en los productos vendidos y en los procesos internos.<\/p><p>Ofrecemos varias posibilidades de materias primas, permitiendo al cliente elegir la m\u00e1s adecuada, seg\u00fan sus ideas, especificaciones t\u00e9cnicas, comerciales y de calidad.<\/p><p>Los servicios que ofrece la gr\u00e1fica son capaces de aplicar barnices soft touch, barnices UV, estampaci\u00f3n en caliente, braille, gofrado, t\u00e9cnicas antifalsificaci\u00f3n, adem\u00e1s de acabados especiales y el desarrollo de envases en varios formatos y colores.<\/p><p>En la pensi\u00f3n alimenticia, todos los envases en contacto directo con alimentos tienen un informe de validaci\u00f3n para asegurarse de que ninguna de las materias primas comprometa la calidad final del producto.<\/p><p>Con la provisi\u00f3n de sistemas de circuito cerrado de TV en todas las \u00e1reas de producci\u00f3n, los documentos se mantienen seguros en un sistema completamente computarizado.<\/p>\t\t\t\t\t\t<\/div>\n\t\t\t\t<\/div>\n\t\t\t\t<div class=\"elementor-element elementor-element-650c3f4 elementor-widget elementor-widget-spacer\" data-id=\"650c3f4\" data-element_type=\"widget\" data-settings=\"{&quot;aos_animation_name&quot;:&quot;none&quot;}\" data-widget_type=\"spacer.default\">\n\t\t\t\t<div class=\"elementor-widget-container\">\n\t\t\t\t\t<div class=\"elementor-spacer\">\n\t\t\t<div class=\"elementor-spacer-inner\"><\/div>\n\t\t<\/div>\n\t\t\t\t<\/div>\n\t\t\t\t<\/div>\n\t\t\t\t\t<\/div>\n\t\t<\/div>\n\t\t\t\t\t<\/div>\n\t\t<\/section>\n\t\t\t\t<section class=\"elementor-section elementor-top-section elementor-element elementor-element-a2e30c6 elementor-section-boxed elementor-section-height-default elementor-section-height-default\" data-id=\"a2e30c6\" data-element_type=\"section\" data-settings=\"{&quot;background_background&quot;:&quot;classic&quot;}\">\n\t\t\t\t\t\t<div class=\"elementor-container elementor-column-gap-default\">\n\t\t\t\t\t<div class=\"elementor-column elementor-col-100 elementor-top-column elementor-element elementor-element-6aa4a113\" data-id=\"6aa4a113\" data-element_type=\"column\">\n\t\t\t<div class=\"elementor-widget-wrap elementor-element-populated\">\n\t\t\t\t\t\t<div class=\"elementor-element elementor-element-acbf5ab elementor-widget elementor-widget-spacer\" data-id=\"acbf5ab\" data-element_type=\"widget\" data-settings=\"{&quot;aos_animation_name&quot;:&quot;none&quot;}\" data-widget_type=\"spacer.default\">\n\t\t\t\t<div class=\"elementor-widget-container\">\n\t\t\t\t\t<div class=\"elementor-spacer\">\n\t\t\t<div class=\"elementor-spacer-inner\"><\/div>\n\t\t<\/div>\n\t\t\t\t<\/div>\n\t\t\t\t<\/div>\n\t\t\t\t<div data-aos=\"fade\" data-aos-once=\"true\" class=\"elementor-element elementor-element-38f86682 elementor-widget elementor-widget-vlt-section-title\" data-id=\"38f86682\" data-element_type=\"widget\" data-settings=\"{&quot;aos_animation_name&quot;:&quot;fade&quot;}\" data-widget_type=\"vlt-section-title.default\">\n\t\t\t\t<div class=\"elementor-widget-container\">\n\t\t\t\n\t<div class=\"vlt-section-title vlt-section-title--style-1\">\n\n\t\t<h2 class=\"vlt-section-title__title\">D\u00ednos c\u00f3mo podemos ayudarte<\/h2>\n\t<\/div>\n\n\t\t\t<\/div>\n\t\t\t\t<\/div>\n\t\t\t\t<div class=\"elementor-element elementor-element-663a8316 elementor-widget elementor-widget-spacer\" data-id=\"663a8316\" data-element_type=\"widget\" data-settings=\"{&quot;aos_animation_name&quot;:&quot;none&quot;}\" data-widget_type=\"spacer.default\">\n\t\t\t\t<div class=\"elementor-widget-container\">\n\t\t\t\t\t<div class=\"elementor-spacer\">\n\t\t\t<div class=\"elementor-spacer-inner\"><\/div>\n\t\t<\/div>\n\t\t\t\t<\/div>\n\t\t\t\t<\/div>\n\t\t\t\t<div class=\"elementor-element elementor-element-268799e elementor-button-align-center elementor-widget elementor-widget-form\" data-id=\"268799e\" data-element_type=\"widget\" data-settings=\"{&quot;step_next_label&quot;:&quot;Next&quot;,&quot;step_previous_label&quot;:&quot;Previous&quot;,&quot;button_width&quot;:&quot;100&quot;,&quot;step_type&quot;:&quot;number_text&quot;,&quot;step_icon_shape&quot;:&quot;circle&quot;,&quot;aos_animation_name&quot;:&quot;none&quot;}\" data-widget_type=\"form.default\">\n\t\t\t\t<div class=\"elementor-widget-container\">\n\t\t\t\t\t<form class=\"elementor-form\" method=\"post\" name=\"New Form\" action=\"\">\n\t\t\t<input type=\"hidden\" name=\"post_id\" value=\"44\"\/>\n\t\t\t<input type=\"hidden\" name=\"form_id\" value=\"268799e\"\/>\n\t\t\t<input type=\"hidden\" name=\"referer_title\" value=\"\" \/>\n\n\t\t\t\n\t\t\t<div class=\"elementor-form-fields-wrapper elementor-labels-\">\n\t\t\t\t\t\t\t\t<div class=\"elementor-field-type-text elementor-field-group elementor-column elementor-field-group-name elementor-col-100 elementor-field-required\">\n\t\t\t\t\t\t\t\t\t\t\t\t<label for=\"form-field-name\" class=\"elementor-field-label elementor-screen-only\">\n\t\t\t\t\t\t\t\tNombre\t\t\t\t\t\t\t<\/label>\n\t\t\t\t\t\t\t\t\t\t\t\t\t\t<input size=\"1\" type=\"text\" name=\"form_fields[name]\" id=\"form-field-name\" class=\"elementor-field elementor-size-sm  elementor-field-textual\" placeholder=\" Nombre\" required=\"required\" aria-required=\"true\">\n\t\t\t\t\t\t\t\t\t\t\t<\/div>\n\t\t\t\t\t\t\t\t<div class=\"elementor-field-type-email elementor-field-group elementor-column elementor-field-group-email elementor-col-100 elementor-field-required\">\n\t\t\t\t\t\t\t\t\t\t\t\t<label for=\"form-field-email\" class=\"elementor-field-label elementor-screen-only\">\n\t\t\t\t\t\t\t\tCorreo electr\u00f3nico\t\t\t\t\t\t\t<\/label>\n\t\t\t\t\t\t\t\t\t\t\t\t\t\t<input size=\"1\" type=\"email\" name=\"form_fields[email]\" id=\"form-field-email\" class=\"elementor-field elementor-size-sm  elementor-field-textual\" placeholder=\" Correo electr\u00f3nico\" required=\"required\" aria-required=\"true\">\n\t\t\t\t\t\t\t\t\t\t\t<\/div>\n\t\t\t\t\t\t\t\t<div class=\"elementor-field-type-tel elementor-field-group elementor-column elementor-field-group-field_7dd5b65 elementor-col-100 elementor-field-required\">\n\t\t\t\t\t\t\t\t\t\t\t\t<label for=\"form-field-field_7dd5b65\" class=\"elementor-field-label elementor-screen-only\">\n\t\t\t\t\t\t\t\tTel\u00e9fono\t\t\t\t\t\t\t<\/label>\n\t\t\t\t\t\t\t\t<input size=\"1\" type=\"tel\" name=\"form_fields[field_7dd5b65]\" id=\"form-field-field_7dd5b65\" class=\"elementor-field elementor-size-sm  elementor-field-textual\" placeholder=\" Tel\u00e9fono\" required=\"required\" aria-required=\"true\" pattern=\"[0-9()#&amp;+*-=.]+\" title=\"Only numbers and phone characters (#, -, *, etc) are accepted.\">\n\n\t\t\t\t\t\t<\/div>\n\t\t\t\t\t\t\t\t<div class=\"elementor-field-type-select elementor-field-group elementor-column elementor-field-group-field_b059cbd elementor-col-100 elementor-field-required\">\n\t\t\t\t\t\t\t<div class=\"elementor-field elementor-select-wrapper remove-before\">\n\t\t\t<div class=\"select-caret-down-wrapper\">\n\t\t\t\t<i aria-hidden=\"true\" class=\"eicon-caret-down\"><\/i>\t\t\t<\/div>\n\t\t\t<select name=\"form_fields[field_b059cbd]\" id=\"form-field-field_b059cbd\" class=\"elementor-field-textual elementor-size-sm\" required=\"required\" aria-required=\"true\">\n\t\t\t\t\t\t\t\t\t<option value=\"Setor de Contato...\">Setor de Contato...<\/option>\n\t\t\t\t\t\t\t\t\t<option value=\"Ouvidoria\">Ouvidoria<\/option>\n\t\t\t\t\t\t\t\t\t<option value=\"Vendas\">Vendas<\/option>\n\t\t\t\t\t\t\t\t\t<option value=\"Recursos Humanos\">Recursos Humanos<\/option>\n\t\t\t\t\t\t\t<\/select>\n\t\t<\/div>\n\t\t\t\t\t\t<\/div>\n\t\t\t\t\t\t\t\t<div class=\"elementor-field-type-textarea elementor-field-group elementor-column elementor-field-group-message elementor-col-100 elementor-field-required\">\n\t\t\t\t\t\t\t\t\t\t\t\t<label for=\"form-field-message\" class=\"elementor-field-label elementor-screen-only\">\n\t\t\t\t\t\t\t\tMensaje\t\t\t\t\t\t\t<\/label>\n\t\t\t\t\t\t<textarea class=\"elementor-field-textual elementor-field  elementor-size-sm\" name=\"form_fields[message]\" id=\"form-field-message\" rows=\"4\" placeholder=\"Mensaje\" required=\"required\" aria-required=\"true\"><\/textarea>\t\t\t\t<\/div>\n\t\t\t\t\t\t\t\t<div class=\"elementor-field-group elementor-column elementor-field-type-submit elementor-col-100 e-form__buttons\">\n\t\t\t\t\t<button type=\"submit\" class=\"elementor-button elementor-size-md elementor-animation-shrink\">\n\t\t\t\t\t\t<span >\n\t\t\t\t\t\t\t\t\t\t\t\t\t\t\t<span class=\"elementor-button-icon\">\n\t\t\t\t\t\t\t\t\t\t\t\t\t\t\t\t\t\t\t\t\t\t\t\t\t\t<\/span>\n\t\t\t\t\t\t\t\t\t\t\t\t\t\t\t\t\t\t\t\t\t\t<span class=\"elementor-button-text\">Mandar<\/span>\n\t\t\t\t\t\t\t\t\t\t\t\t\t<\/span>\n\t\t\t\t\t<\/button>\n\t\t\t\t<\/div>\n\t\t\t<\/div>\n\t\t<input type=\"hidden\" name=\"trp-form-language\" value=\"es\"\/><\/form>\n\t\t\t\t<\/div>\n\t\t\t\t<\/div>\n\t\t\t\t<div class=\"elementor-element elementor-element-78da8b94 elementor-widget elementor-widget-spacer\" data-id=\"78da8b94\" data-element_type=\"widget\" data-settings=\"{&quot;aos_animation_name&quot;:&quot;none&quot;}\" data-widget_type=\"spacer.default\">\n\t\t\t\t<div class=\"elementor-widget-container\">\n\t\t\t\t\t<div class=\"elementor-spacer\">\n\t\t\t<div class=\"elementor-spacer-inner\"><\/div>\n\t\t<\/div>\n\t\t\t\t<\/div>\n\t\t\t\t<\/div>\n\t\t\t\t\t<\/div>\n\t\t<\/div>\n\t\t\t\t\t<\/div>\n\t\t<\/section>\n\t\t\t\t<\/div>","protected":false},"excerpt":{"rendered":"<p>Segmentos \u00c1reas de Atua\u00e7\u00e3o Somos uma empresa que cumpre os requisitos de Boas Pr\u00e1ticas de Fabrica\u00e7\u00e3o aplic\u00e1veis \u00e0 produ\u00e7\u00e3o de embalagens nos segmentos Farmac\u00eautico, Aliment\u00edcio, Cosm\u00e9tico e Qu\u00edmico. Esta certifica\u00e7\u00e3o est\u00e1 alinhada aos requisitos da norma ISO 9001, que assegura qualidade nos produtos comercializados e nos processos internos. Oferecemos diversas possibilidades de mat\u00e9rias-primas, permitindo que [&hellip;]<\/p>","protected":false},"author":3,"featured_media":0,"parent":0,"menu_order":0,"comment_status":"closed","ping_status":"closed","template":"template-custom-page.php","meta":{"_vp_format_video_url":"","_vp_image_focal_point":[],"footnotes":""},"class_list":["post-44","page","type-page","status-publish","hentry"],"aioseo_notices":[],"_links":{"self":[{"href":"https:\/\/graficaemepe.com.br\/es\/wp-json\/wp\/v2\/pages\/44","targetHints":{"allow":["GET"]}}],"collection":[{"href":"https:\/\/graficaemepe.com.br\/es\/wp-json\/wp\/v2\/pages"}],"about":[{"href":"https:\/\/graficaemepe.com.br\/es\/wp-json\/wp\/v2\/types\/page"}],"author":[{"embeddable":true,"href":"https:\/\/graficaemepe.com.br\/es\/wp-json\/wp\/v2\/users\/3"}],"replies":[{"embeddable":true,"href":"https:\/\/graficaemepe.com.br\/es\/wp-json\/wp\/v2\/comments?post=44"}],"version-history":[{"count":34,"href":"https:\/\/graficaemepe.com.br\/es\/wp-json\/wp\/v2\/pages\/44\/revisions"}],"predecessor-version":[{"id":2849,"href":"https:\/\/graficaemepe.com.br\/es\/wp-json\/wp\/v2\/pages\/44\/revisions\/2849"}],"wp:attachment":[{"href":"https:\/\/graficaemepe.com.br\/es\/wp-json\/wp\/v2\/media?parent=44"}],"curies":[{"name":"wp","href":"https:\/\/api.w.org\/{rel}","templated":true}]}}