{"id":2952,"date":"2024-05-07T17:54:00","date_gmt":"2024-05-07T20:54:00","guid":{"rendered":"https:\/\/graficaemepe.com.br\/?page_id=2952"},"modified":"2024-05-09T11:56:24","modified_gmt":"2024-05-09T14:56:24","slug":"transparencia","status":"publish","type":"page","link":"https:\/\/graficaemepe.com.br\/es\/transparencia\/","title":{"rendered":"Transpar\u00eancia"},"content":{"rendered":"<div data-elementor-type=\"wp-page\" data-elementor-id=\"2952\" class=\"elementor elementor-2952\" data-elementor-post-type=\"page\">\n\t\t\t\t\t\t<section class=\"elementor-section elementor-top-section elementor-element elementor-element-84de5eb elementor-section-full_width elementor-section-height-default elementor-section-height-default\" data-id=\"84de5eb\" data-element_type=\"section\">\n\t\t\t\t\t\t<div class=\"elementor-container elementor-column-gap-no\">\n\t\t\t\t\t<div class=\"elementor-column elementor-col-100 elementor-top-column elementor-element elementor-element-4b33279\" data-id=\"4b33279\" data-element_type=\"column\">\n\t\t\t<div class=\"elementor-widget-wrap elementor-element-populated\">\n\t\t\t\t\t\t<div class=\"elementor-element elementor-element-b1485cf elementor-widget elementor-widget-vlt-page-title\" data-id=\"b1485cf\" data-element_type=\"widget\" data-settings=\"{&quot;aos_animation_name&quot;:&quot;none&quot;}\" data-widget_type=\"vlt-page-title.default\">\n\t\t\t\t<div class=\"elementor-widget-container\">\n\t\t\t\n\t\t<div class=\"vlt-page-title vlt-page-title--style-3 jarallax\">\n\n\t\t\t<img loading=\"lazy\" decoding=\"async\" width=\"1920\" height=\"960\" src=\"https:\/\/graficaemepe.com.br\/wp-content\/uploads\/2021\/09\/emepe_breadcrumbs_desktop_sobre-1920x960.jpg\" class=\"jarallax-img\" alt=\"\" srcset=\"https:\/\/graficaemepe.com.br\/wp-content\/uploads\/2021\/09\/emepe_breadcrumbs_desktop_sobre.jpg 1920w, https:\/\/graficaemepe.com.br\/wp-content\/uploads\/2021\/09\/emepe_breadcrumbs_desktop_sobre-300x150.jpg 300w, https:\/\/graficaemepe.com.br\/wp-content\/uploads\/2021\/09\/emepe_breadcrumbs_desktop_sobre-1024x512.jpg 1024w, https:\/\/graficaemepe.com.br\/wp-content\/uploads\/2021\/09\/emepe_breadcrumbs_desktop_sobre-768x384.jpg 768w, https:\/\/graficaemepe.com.br\/wp-content\/uploads\/2021\/09\/emepe_breadcrumbs_desktop_sobre-1536x768.jpg 1536w, https:\/\/graficaemepe.com.br\/wp-content\/uploads\/2021\/09\/emepe_breadcrumbs_desktop_sobre-16x8.jpg 16w, https:\/\/graficaemepe.com.br\/wp-content\/uploads\/2021\/09\/emepe_breadcrumbs_desktop_sobre-500x250.jpg 500w, https:\/\/graficaemepe.com.br\/wp-content\/uploads\/2021\/09\/emepe_breadcrumbs_desktop_sobre-800x400.jpg 800w, https:\/\/graficaemepe.com.br\/wp-content\/uploads\/2021\/09\/emepe_breadcrumbs_desktop_sobre-1280x640.jpg 1280w\" sizes=\"auto, (max-width: 1920px) 100vw, 1920px\" \/><div class=\"vlt-page-title__overlay\"><\/div><a href=\"#content\" class=\"vlt-page-title__scroll-to vlt-scroll-to\"><i class=\"icon-arrow-down\"><\/i><\/a><div class=\"container\"><h1 class=\"vlt-page-title__title lax\" data-lax-translate-y=\"0 0, vh (vw*0.25)\" data-lax-opacity=\"1 1, (vh*0.5) 0\" data-lax-anchor=\".vlt-page-title\">Transpar\u00eancia<\/h1><\/div>\n\t\t<\/div>\n\n\t\t<div id=\"content\"><\/div>\n\n\t\t\t\t<\/div>\n\t\t\t\t<\/div>\n\t\t\t\t\t<\/div>\n\t\t<\/div>\n\t\t\t\t\t<\/div>\n\t\t<\/section>\n\t\t\t\t<section class=\"elementor-section elementor-top-section elementor-element elementor-element-b90de8a elementor-section-content-bottom segmentos elementor-section-boxed elementor-section-height-default elementor-section-height-default\" data-id=\"b90de8a\" data-element_type=\"section\">\n\t\t\t\t\t\t<div class=\"elementor-container elementor-column-gap-extended\">\n\t\t\t\t\t<div class=\"elementor-column elementor-col-100 elementor-top-column elementor-element elementor-element-8fc75d4\" data-id=\"8fc75d4\" data-element_type=\"column\">\n\t\t\t<div class=\"elementor-widget-wrap elementor-element-populated\">\n\t\t\t\t\t\t<div data-aos=\"fade\" data-aos-once=\"true\" class=\"elementor-element elementor-element-9f4ae95 elementor-widget elementor-widget-vlt-section-title\" data-id=\"9f4ae95\" data-element_type=\"widget\" data-settings=\"{&quot;aos_animation_name&quot;:&quot;fade&quot;}\" data-widget_type=\"vlt-section-title.default\">\n\t\t\t\t<div class=\"elementor-widget-container\">\n\t\t\t\n\t<div class=\"vlt-section-title vlt-section-title--style-1\">\n\n\t\t<span class=\"vlt-section-title__subtitle\">Transpar\u00eancia<\/span><h5 class=\"vlt-section-title__title\">Relat\u00f3rio de Transpar\u00eancia e Igualdade salarial de Mulheres e Homens  1\u00ba Semestre de 2024\n<\/h5>\n\t<\/div>\n\n\t\t\t<\/div>\n\t\t\t\t<\/div>\n\t\t\t\t<div class=\"elementor-element elementor-element-b1b2066 elementor-widget elementor-widget-spacer\" data-id=\"b1b2066\" data-element_type=\"widget\" data-settings=\"{&quot;aos_animation_name&quot;:&quot;none&quot;}\" data-widget_type=\"spacer.default\">\n\t\t\t\t<div class=\"elementor-widget-container\">\n\t\t\t\t\t<div class=\"elementor-spacer\">\n\t\t\t<div class=\"elementor-spacer-inner\"><\/div>\n\t\t<\/div>\n\t\t\t\t<\/div>\n\t\t\t\t<\/div>\n\t\t\t\t<div data-aos=\"fade\" data-aos-delay=\"100\" data-aos-once=\"true\" class=\"elementor-element elementor-element-ee99d80 elementor-widget elementor-widget-text-editor\" data-id=\"ee99d80\" data-element_type=\"widget\" data-settings=\"{&quot;aos_animation_name&quot;:&quot;fade&quot;}\" data-widget_type=\"text-editor.default\">\n\t\t\t\t<div class=\"elementor-widget-container\">\n\t\t\t\t\t\t\t<p>Diferen\u00e7as de sal\u00e1rios entre mulheres e homens: O sal\u00e1rio mediano das mulheres equivale a 66,8% do recebido pelos homens. J\u00e1 o sal\u00e1rio m\u00e9dio equivalia a 69,5%.<\/p>\t\t\t\t\t\t<\/div>\n\t\t\t\t<\/div>\n\t\t\t\t<div class=\"elementor-element elementor-element-5a17fda elementor-widget elementor-widget-image\" data-id=\"5a17fda\" data-element_type=\"widget\" data-settings=\"{&quot;aos_animation_name&quot;:&quot;none&quot;}\" data-widget_type=\"image.default\">\n\t\t\t\t<div class=\"elementor-widget-container\">\n\t\t\t\t\t\t\t\t\t\t\t\t\t\t<a href=\"https:\/\/graficaemepe.com.br\/wp-content\/uploads\/2024\/05\/transparencia1.png\" data-elementor-open-lightbox=\"yes\" data-elementor-lightbox-title=\"transparencia1\" data-e-action-hash=\"#elementor-action%3Aaction%3Dlightbox%26settings%3DeyJpZCI6Mjk2NiwidXJsIjoiaHR0cHM6XC9cL2dyYWZpY2FlbWVwZS5jb20uYnJcL3dwLWNvbnRlbnRcL3VwbG9hZHNcLzIwMjRcLzA1XC90cmFuc3BhcmVuY2lhMS5wbmcifQ%3D%3D\">\n\t\t\t\t\t\t\t<img fetchpriority=\"high\" decoding=\"async\" width=\"575\" height=\"252\" src=\"https:\/\/graficaemepe.com.br\/wp-content\/uploads\/2024\/05\/transparencia1.png\" class=\"attachment-large size-large wp-image-2966\" alt=\"\" srcset=\"https:\/\/graficaemepe.com.br\/wp-content\/uploads\/2024\/05\/transparencia1.png 575w, https:\/\/graficaemepe.com.br\/wp-content\/uploads\/2024\/05\/transparencia1-300x131.png 300w, https:\/\/graficaemepe.com.br\/wp-content\/uploads\/2024\/05\/transparencia1-18x8.png 18w, https:\/\/graficaemepe.com.br\/wp-content\/uploads\/2024\/05\/transparencia1-500x219.png 500w\" sizes=\"(max-width: 575px) 100vw, 575px\" \/>\t\t\t\t\t\t\t\t<\/a>\n\t\t\t\t\t\t\t\t\t\t\t\t\t<\/div>\n\t\t\t\t<\/div>\n\t\t\t\t<div data-aos=\"fade\" data-aos-delay=\"100\" data-aos-once=\"true\" class=\"elementor-element elementor-element-677b640 elementor-widget elementor-widget-text-editor\" data-id=\"677b640\" data-element_type=\"widget\" data-settings=\"{&quot;aos_animation_name&quot;:&quot;fade&quot;}\" data-widget_type=\"text-editor.default\">\n\t\t\t\t<div class=\"elementor-widget-container\">\n\t\t\t\t\t\t\t<p>Por grande grupo de ocupa\u00e7\u00e3o, a diferen\u00e7a (%) do sal\u00e1rio das mulheres em compara\u00e7\u00e3o aos homens, aparece quando for maior ou menor que 100:<\/p>\t\t\t\t\t\t<\/div>\n\t\t\t\t<\/div>\n\t\t\t\t<div class=\"elementor-element elementor-element-f9feed1 elementor-widget elementor-widget-image\" data-id=\"f9feed1\" data-element_type=\"widget\" data-settings=\"{&quot;aos_animation_name&quot;:&quot;none&quot;}\" data-widget_type=\"image.default\">\n\t\t\t\t<div class=\"elementor-widget-container\">\n\t\t\t\t\t\t\t\t\t\t\t\t\t\t<a href=\"https:\/\/graficaemepe.com.br\/wp-content\/uploads\/2024\/05\/legenda-grafico.png\" data-elementor-open-lightbox=\"yes\" data-elementor-lightbox-title=\"legenda-grafico\" data-e-action-hash=\"#elementor-action%3Aaction%3Dlightbox%26settings%3DeyJpZCI6Mjk3NCwidXJsIjoiaHR0cHM6XC9cL2dyYWZpY2FlbWVwZS5jb20uYnJcL3dwLWNvbnRlbnRcL3VwbG9hZHNcLzIwMjRcLzA1XC9sZWdlbmRhLWdyYWZpY28ucG5nIn0%3D\">\n\t\t\t\t\t\t\t<img decoding=\"async\" width=\"736\" height=\"22\" src=\"https:\/\/graficaemepe.com.br\/wp-content\/uploads\/2024\/05\/legenda-grafico.png\" class=\"attachment-large size-large wp-image-2974\" alt=\"\" srcset=\"https:\/\/graficaemepe.com.br\/wp-content\/uploads\/2024\/05\/legenda-grafico.png 736w, https:\/\/graficaemepe.com.br\/wp-content\/uploads\/2024\/05\/legenda-grafico-300x9.png 300w, https:\/\/graficaemepe.com.br\/wp-content\/uploads\/2024\/05\/legenda-grafico-18x1.png 18w, https:\/\/graficaemepe.com.br\/wp-content\/uploads\/2024\/05\/legenda-grafico-500x15.png 500w\" sizes=\"(max-width: 736px) 100vw, 736px\" \/>\t\t\t\t\t\t\t\t<\/a>\n\t\t\t\t\t\t\t\t\t\t\t\t\t<\/div>\n\t\t\t\t<\/div>\n\t\t\t\t<section class=\"elementor-section elementor-inner-section elementor-element elementor-element-0bf1acf elementor-section-boxed elementor-section-height-default elementor-section-height-default\" data-id=\"0bf1acf\" data-element_type=\"section\">\n\t\t\t\t\t\t<div class=\"elementor-container elementor-column-gap-default\">\n\t\t\t\t\t<div class=\"elementor-column elementor-col-50 elementor-inner-column elementor-element elementor-element-d6597b2\" data-id=\"d6597b2\" data-element_type=\"column\">\n\t\t\t<div class=\"elementor-widget-wrap elementor-element-populated\">\n\t\t\t\t\t\t<div class=\"elementor-element elementor-element-eb5d9e2 elementor-widget elementor-widget-heading\" data-id=\"eb5d9e2\" data-element_type=\"widget\" data-settings=\"{&quot;aos_animation_name&quot;:&quot;none&quot;}\" data-widget_type=\"heading.default\">\n\t\t\t\t<div class=\"elementor-widget-container\">\n\t\t\t<h2 class=\"elementor-heading-title elementor-size-default\">Dirigentes e Gerentes - <\/h2>\t\t<\/div>\n\t\t\t\t<\/div>\n\t\t\t\t\t<\/div>\n\t\t<\/div>\n\t\t\t\t<div class=\"elementor-column elementor-col-50 elementor-inner-column elementor-element elementor-element-b0b4863\" data-id=\"b0b4863\" data-element_type=\"column\">\n\t\t\t<div class=\"elementor-widget-wrap\">\n\t\t\t\t\t\t\t<\/div>\n\t\t<\/div>\n\t\t\t\t\t<\/div>\n\t\t<\/section>\n\t\t\t\t<section class=\"elementor-section elementor-inner-section elementor-element elementor-element-6500ed0 elementor-section-boxed elementor-section-height-default elementor-section-height-default\" data-id=\"6500ed0\" data-element_type=\"section\">\n\t\t\t\t\t\t<div class=\"elementor-container elementor-column-gap-default\">\n\t\t\t\t\t<div class=\"elementor-column elementor-col-50 elementor-inner-column elementor-element elementor-element-12d853d\" data-id=\"12d853d\" data-element_type=\"column\">\n\t\t\t<div class=\"elementor-widget-wrap elementor-element-populated\">\n\t\t\t\t\t\t<div class=\"elementor-element elementor-element-50d12a4 elementor-widget elementor-widget-heading\" data-id=\"50d12a4\" data-element_type=\"widget\" data-settings=\"{&quot;aos_animation_name&quot;:&quot;none&quot;}\" data-widget_type=\"heading.default\">\n\t\t\t\t<div class=\"elementor-widget-container\">\n\t\t\t<h2 class=\"elementor-heading-title elementor-size-default\">Profissionais em ocupa\u00e7\u00e3o n\u00edvel superior -<\/h2>\t\t<\/div>\n\t\t\t\t<\/div>\n\t\t\t\t\t<\/div>\n\t\t<\/div>\n\t\t\t\t<div class=\"elementor-column elementor-col-50 elementor-inner-column elementor-element elementor-element-00f6c88\" data-id=\"00f6c88\" data-element_type=\"column\">\n\t\t\t<div class=\"elementor-widget-wrap\">\n\t\t\t\t\t\t\t<\/div>\n\t\t<\/div>\n\t\t\t\t\t<\/div>\n\t\t<\/section>\n\t\t\t\t<section class=\"elementor-section elementor-inner-section elementor-element elementor-element-7fb50fd elementor-section-boxed elementor-section-height-default elementor-section-height-default\" data-id=\"7fb50fd\" data-element_type=\"section\">\n\t\t\t\t\t\t<div class=\"elementor-container elementor-column-gap-default\">\n\t\t\t\t\t<div class=\"elementor-column elementor-col-50 elementor-inner-column elementor-element elementor-element-06bbab8\" data-id=\"06bbab8\" data-element_type=\"column\">\n\t\t\t<div class=\"elementor-widget-wrap elementor-element-populated\">\n\t\t\t\t\t\t<div class=\"elementor-element elementor-element-37def29 elementor-widget elementor-widget-heading\" data-id=\"37def29\" data-element_type=\"widget\" data-settings=\"{&quot;aos_animation_name&quot;:&quot;none&quot;}\" data-widget_type=\"heading.default\">\n\t\t\t\t<div class=\"elementor-widget-container\">\n\t\t\t<h2 class=\"elementor-heading-title elementor-size-default\">T\u00e9cnicos de N\u00edvel M\u00e9dio -<\/h2>\t\t<\/div>\n\t\t\t\t<\/div>\n\t\t\t\t\t<\/div>\n\t\t<\/div>\n\t\t\t\t<div class=\"elementor-column elementor-col-50 elementor-inner-column elementor-element elementor-element-499804f\" data-id=\"499804f\" data-element_type=\"column\">\n\t\t\t<div class=\"elementor-widget-wrap elementor-element-populated\">\n\t\t\t\t\t\t<div class=\"elementor-element elementor-element-5a65bd2 elementor-widget__width-initial elementor-widget elementor-widget-heading\" data-id=\"5a65bd2\" data-element_type=\"widget\" data-settings=\"{&quot;aos_animation_name&quot;:&quot;none&quot;}\" data-widget_type=\"heading.default\">\n\t\t\t\t<div class=\"elementor-widget-container\">\n\t\t\t<h2 class=\"elementor-heading-title elementor-size-default\">61,4%<\/h2>\t\t<\/div>\n\t\t\t\t<\/div>\n\t\t\t\t<div class=\"elementor-element elementor-element-e3157df elementor-widget__width-initial elementor-widget elementor-widget-heading\" data-id=\"e3157df\" data-element_type=\"widget\" data-settings=\"{&quot;aos_animation_name&quot;:&quot;none&quot;}\" data-widget_type=\"heading.default\">\n\t\t\t\t<div class=\"elementor-widget-container\">\n\t\t\t<h2 class=\"elementor-heading-title elementor-size-default\">60,2%<\/h2>\t\t<\/div>\n\t\t\t\t<\/div>\n\t\t\t\t\t<\/div>\n\t\t<\/div>\n\t\t\t\t\t<\/div>\n\t\t<\/section>\n\t\t\t\t<section class=\"elementor-section elementor-inner-section elementor-element elementor-element-65c877a elementor-section-boxed elementor-section-height-default elementor-section-height-default\" data-id=\"65c877a\" data-element_type=\"section\">\n\t\t\t\t\t\t<div class=\"elementor-container elementor-column-gap-default\">\n\t\t\t\t\t<div class=\"elementor-column elementor-col-50 elementor-inner-column elementor-element elementor-element-4c033ec\" data-id=\"4c033ec\" data-element_type=\"column\">\n\t\t\t<div class=\"elementor-widget-wrap elementor-element-populated\">\n\t\t\t\t\t\t<div class=\"elementor-element elementor-element-3ae8482 elementor-widget elementor-widget-heading\" data-id=\"3ae8482\" data-element_type=\"widget\" data-settings=\"{&quot;aos_animation_name&quot;:&quot;none&quot;}\" data-widget_type=\"heading.default\">\n\t\t\t\t<div class=\"elementor-widget-container\">\n\t\t\t<h2 class=\"elementor-heading-title elementor-size-default\">Trab. de Servi\u00e7os Administrativos -<\/h2>\t\t<\/div>\n\t\t\t\t<\/div>\n\t\t\t\t\t<\/div>\n\t\t<\/div>\n\t\t\t\t<div class=\"elementor-column elementor-col-50 elementor-inner-column elementor-element elementor-element-4b43747\" data-id=\"4b43747\" data-element_type=\"column\">\n\t\t\t<div class=\"elementor-widget-wrap elementor-element-populated\">\n\t\t\t\t\t\t<div class=\"elementor-element elementor-element-5d2d7b2 elementor-widget__width-initial elementor-widget elementor-widget-heading\" data-id=\"5d2d7b2\" data-element_type=\"widget\" data-settings=\"{&quot;aos_animation_name&quot;:&quot;none&quot;}\" data-widget_type=\"heading.default\">\n\t\t\t\t<div class=\"elementor-widget-container\">\n\t\t\t<h2 class=\"elementor-heading-title elementor-size-default\">177,0%<\/h2>\t\t<\/div>\n\t\t\t\t<\/div>\n\t\t\t\t<div class=\"elementor-element elementor-element-b3bf8df elementor-widget__width-initial elementor-widget elementor-widget-heading\" data-id=\"b3bf8df\" data-element_type=\"widget\" data-settings=\"{&quot;aos_animation_name&quot;:&quot;none&quot;}\" data-widget_type=\"heading.default\">\n\t\t\t\t<div class=\"elementor-widget-container\">\n\t\t\t<h2 class=\"elementor-heading-title elementor-size-default\">111,4%<\/h2>\t\t<\/div>\n\t\t\t\t<\/div>\n\t\t\t\t\t<\/div>\n\t\t<\/div>\n\t\t\t\t\t<\/div>\n\t\t<\/section>\n\t\t\t\t<section class=\"elementor-section elementor-inner-section elementor-element elementor-element-440a7c8 elementor-section-boxed elementor-section-height-default elementor-section-height-default\" data-id=\"440a7c8\" data-element_type=\"section\">\n\t\t\t\t\t\t<div class=\"elementor-container elementor-column-gap-default\">\n\t\t\t\t\t<div class=\"elementor-column elementor-col-50 elementor-inner-column elementor-element elementor-element-72e8c46\" data-id=\"72e8c46\" data-element_type=\"column\">\n\t\t\t<div class=\"elementor-widget-wrap elementor-element-populated\">\n\t\t\t\t\t\t<div class=\"elementor-element elementor-element-89820b7 elementor-widget elementor-widget-heading\" data-id=\"89820b7\" data-element_type=\"widget\" data-settings=\"{&quot;aos_animation_name&quot;:&quot;none&quot;}\" data-widget_type=\"heading.default\">\n\t\t\t\t<div class=\"elementor-widget-container\">\n\t\t\t<h2 class=\"elementor-heading-title elementor-size-default\">Trab. em Atividade Operacionais - <\/h2>\t\t<\/div>\n\t\t\t\t<\/div>\n\t\t\t\t\t<\/div>\n\t\t<\/div>\n\t\t\t\t<div class=\"elementor-column elementor-col-50 elementor-inner-column elementor-element elementor-element-39450d8\" data-id=\"39450d8\" data-element_type=\"column\">\n\t\t\t<div class=\"elementor-widget-wrap elementor-element-populated\">\n\t\t\t\t\t\t<div class=\"elementor-element elementor-element-323d4d0 elementor-widget__width-initial elementor-widget elementor-widget-heading\" data-id=\"323d4d0\" data-element_type=\"widget\" data-settings=\"{&quot;aos_animation_name&quot;:&quot;none&quot;}\" data-widget_type=\"heading.default\">\n\t\t\t\t<div class=\"elementor-widget-container\">\n\t\t\t<h2 class=\"elementor-heading-title elementor-size-default\">47,6%<\/h2>\t\t<\/div>\n\t\t\t\t<\/div>\n\t\t\t\t<div class=\"elementor-element elementor-element-2a390c4 elementor-widget__width-initial elementor-widget elementor-widget-heading\" data-id=\"2a390c4\" data-element_type=\"widget\" data-settings=\"{&quot;aos_animation_name&quot;:&quot;none&quot;}\" data-widget_type=\"heading.default\">\n\t\t\t\t<div class=\"elementor-widget-container\">\n\t\t\t<h2 class=\"elementor-heading-title elementor-size-default\">71,8%<\/h2>\t\t<\/div>\n\t\t\t\t<\/div>\n\t\t\t\t\t<\/div>\n\t\t<\/div>\n\t\t\t\t\t<\/div>\n\t\t<\/section>\n\t\t\t\t<div class=\"elementor-element elementor-element-ece687c elementor-widget elementor-widget-spacer\" data-id=\"ece687c\" data-element_type=\"widget\" data-settings=\"{&quot;aos_animation_name&quot;:&quot;none&quot;}\" data-widget_type=\"spacer.default\">\n\t\t\t\t<div class=\"elementor-widget-container\">\n\t\t\t\t\t<div class=\"elementor-spacer\">\n\t\t\t<div class=\"elementor-spacer-inner\"><\/div>\n\t\t<\/div>\n\t\t\t\t<\/div>\n\t\t\t\t<\/div>\n\t\t\t\t<div data-aos=\"fade\" data-aos-delay=\"100\" data-aos-once=\"true\" class=\"elementor-element elementor-element-7d89b54 elementor-widget elementor-widget-text-editor\" data-id=\"7d89b54\" data-element_type=\"widget\" data-settings=\"{&quot;aos_animation_name&quot;:&quot;fade&quot;}\" data-widget_type=\"text-editor.default\">\n\t\t\t\t<div class=\"elementor-widget-container\">\n\t\t\t\t\t\t\t<p>Para cada grupo de ocupa\u00e7\u00e3o que n\u00e3o apresenta c\u00e1lculo da diferen\u00e7a, para sal\u00e1rio de contrata\u00e7\u00e3o ou para remunera\u00e7\u00e3o m\u00e9dia, pode ter ocorrido um dos seis motivos: (1) por ter menos de tr\u00eas mulheres; (2) por ter menos de tr\u00eas homens; (3) por n\u00e3o ter mulheres; (4) por n\u00e3o ter homens; (5) por n\u00e3o ter tr\u00eas homens nem tr\u00eas mulheres naquele grupo ocupacional; (6) por n\u00e3o ter nem homens nem mulheres naquele grupo ocupacional.<\/p>\t\t\t\t\t\t<\/div>\n\t\t\t\t<\/div>\n\t\t\t\t<div data-aos=\"fade\" data-aos-delay=\"100\" data-aos-once=\"true\" class=\"elementor-element elementor-element-97c67ba elementor-widget elementor-widget-text-editor\" data-id=\"97c67ba\" data-element_type=\"widget\" data-settings=\"{&quot;aos_animation_name&quot;:&quot;fade&quot;}\" data-widget_type=\"text-editor.default\">\n\t\t\t\t<div class=\"elementor-widget-container\">\n\t\t\t\t\t\t\t<p>Elementos que podem explicar as diferen\u00e7as verificadas:<\/p><p>a) Composi\u00e7\u00e3o total de empregados por sexo e etnia e ra\u00e7a<\/p>\t\t\t\t\t\t<\/div>\n\t\t\t\t<\/div>\n\t\t\t\t<div class=\"elementor-element elementor-element-d09b8cc elementor-widget elementor-widget-image\" data-id=\"d09b8cc\" data-element_type=\"widget\" data-settings=\"{&quot;aos_animation_name&quot;:&quot;none&quot;}\" data-widget_type=\"image.default\">\n\t\t\t\t<div class=\"elementor-widget-container\">\n\t\t\t\t\t\t\t\t\t\t\t\t\t\t<a href=\"https:\/\/graficaemepe.com.br\/wp-content\/uploads\/2024\/05\/Group-3.png\" data-elementor-open-lightbox=\"yes\" data-elementor-lightbox-title=\"Group 3\" data-e-action-hash=\"#elementor-action%3Aaction%3Dlightbox%26settings%3DeyJpZCI6Mjk3NiwidXJsIjoiaHR0cHM6XC9cL2dyYWZpY2FlbWVwZS5jb20uYnJcL3dwLWNvbnRlbnRcL3VwbG9hZHNcLzIwMjRcLzA1XC9Hcm91cC0zLnBuZyJ9\">\n\t\t\t\t\t\t\t<img decoding=\"async\" width=\"800\" height=\"395\" src=\"https:\/\/graficaemepe.com.br\/wp-content\/uploads\/2024\/05\/Group-3.png\" class=\"attachment-large size-large wp-image-2976\" alt=\"\" srcset=\"https:\/\/graficaemepe.com.br\/wp-content\/uploads\/2024\/05\/Group-3.png 800w, https:\/\/graficaemepe.com.br\/wp-content\/uploads\/2024\/05\/Group-3-300x148.png 300w, https:\/\/graficaemepe.com.br\/wp-content\/uploads\/2024\/05\/Group-3-768x379.png 768w, https:\/\/graficaemepe.com.br\/wp-content\/uploads\/2024\/05\/Group-3-18x9.png 18w, https:\/\/graficaemepe.com.br\/wp-content\/uploads\/2024\/05\/Group-3-500x247.png 500w\" sizes=\"(max-width: 800px) 100vw, 800px\" \/>\t\t\t\t\t\t\t\t<\/a>\n\t\t\t\t\t\t\t\t\t\t\t\t\t<\/div>\n\t\t\t\t<\/div>\n\t\t\t\t<div data-aos=\"fade\" data-aos-delay=\"100\" data-aos-once=\"true\" class=\"elementor-element elementor-element-47b2271 elementor-widget elementor-widget-text-editor\" data-id=\"47b2271\" data-element_type=\"widget\" data-settings=\"{&quot;aos_animation_name&quot;:&quot;fade&quot;}\" data-widget_type=\"text-editor.default\">\n\t\t\t\t<div class=\"elementor-widget-container\">\n\t\t\t\t\t\t\t<p>b) Crit\u00e9rios de remunera\u00e7\u00e3o e a\u00e7\u00f5es para garantir diversidade<\/p>\t\t\t\t\t\t<\/div>\n\t\t\t\t<\/div>\n\t\t\t\t<div class=\"elementor-element elementor-element-96da555 elementor-widget elementor-widget-image\" data-id=\"96da555\" data-element_type=\"widget\" data-settings=\"{&quot;aos_animation_name&quot;:&quot;none&quot;}\" data-widget_type=\"image.default\">\n\t\t\t\t<div class=\"elementor-widget-container\">\n\t\t\t\t\t\t\t\t\t\t\t\t\t\t<a href=\"https:\/\/graficaemepe.com.br\/wp-content\/uploads\/2024\/05\/tabela.png\" data-elementor-open-lightbox=\"yes\" data-elementor-lightbox-title=\"tabela\" data-e-action-hash=\"#elementor-action%3Aaction%3Dlightbox%26settings%3DeyJpZCI6Mjk3NywidXJsIjoiaHR0cHM6XC9cL2dyYWZpY2FlbWVwZS5jb20uYnJcL3dwLWNvbnRlbnRcL3VwbG9hZHNcLzIwMjRcLzA1XC90YWJlbGEucG5nIn0%3D\">\n\t\t\t\t\t\t\t<img loading=\"lazy\" decoding=\"async\" width=\"946\" height=\"478\" src=\"https:\/\/graficaemepe.com.br\/wp-content\/uploads\/2024\/05\/tabela.png\" class=\"attachment-large size-large wp-image-2977\" alt=\"\" srcset=\"https:\/\/graficaemepe.com.br\/wp-content\/uploads\/2024\/05\/tabela.png 946w, https:\/\/graficaemepe.com.br\/wp-content\/uploads\/2024\/05\/tabela-300x152.png 300w, https:\/\/graficaemepe.com.br\/wp-content\/uploads\/2024\/05\/tabela-768x388.png 768w, https:\/\/graficaemepe.com.br\/wp-content\/uploads\/2024\/05\/tabela-18x9.png 18w, https:\/\/graficaemepe.com.br\/wp-content\/uploads\/2024\/05\/tabela-500x253.png 500w, https:\/\/graficaemepe.com.br\/wp-content\/uploads\/2024\/05\/tabela-800x404.png 800w\" sizes=\"(max-width: 946px) 100vw, 946px\" \/>\t\t\t\t\t\t\t\t<\/a>\n\t\t\t\t\t\t\t\t\t\t\t\t\t<\/div>\n\t\t\t\t<\/div>\n\t\t\t\t\t<\/div>\n\t\t<\/div>\n\t\t\t\t\t<\/div>\n\t\t<\/section>\n\t\t\t\t<\/div>","protected":false},"excerpt":{"rendered":"<p>Transpar\u00eancia Transpar\u00eancia Relat\u00f3rio de Transpar\u00eancia e Igualdade salarial de Mulheres e Homens 1\u00ba Semestre de 2024 Diferen\u00e7as de sal\u00e1rios entre mulheres e homens: O sal\u00e1rio mediano das mulheres equivale a 66,8% do recebido pelos homens. J\u00e1 o sal\u00e1rio m\u00e9dio equivalia a 69,5%. Por grande grupo de ocupa\u00e7\u00e3o, a diferen\u00e7a (%) do sal\u00e1rio das mulheres em [&hellip;]<\/p>","protected":false},"author":2,"featured_media":0,"parent":0,"menu_order":0,"comment_status":"closed","ping_status":"closed","template":"elementor_header_footer","meta":{"_vp_format_video_url":"","_vp_image_focal_point":[],"footnotes":""},"class_list":["post-2952","page","type-page","status-publish","hentry"],"aioseo_notices":[],"_links":{"self":[{"href":"https:\/\/graficaemepe.com.br\/es\/wp-json\/wp\/v2\/pages\/2952","targetHints":{"allow":["GET"]}}],"collection":[{"href":"https:\/\/graficaemepe.com.br\/es\/wp-json\/wp\/v2\/pages"}],"about":[{"href":"https:\/\/graficaemepe.com.br\/es\/wp-json\/wp\/v2\/types\/page"}],"author":[{"embeddable":true,"href":"https:\/\/graficaemepe.com.br\/es\/wp-json\/wp\/v2\/users\/2"}],"replies":[{"embeddable":true,"href":"https:\/\/graficaemepe.com.br\/es\/wp-json\/wp\/v2\/comments?post=2952"}],"version-history":[{"count":19,"href":"https:\/\/graficaemepe.com.br\/es\/wp-json\/wp\/v2\/pages\/2952\/revisions"}],"predecessor-version":[{"id":2986,"href":"https:\/\/graficaemepe.com.br\/es\/wp-json\/wp\/v2\/pages\/2952\/revisions\/2986"}],"wp:attachment":[{"href":"https:\/\/graficaemepe.com.br\/es\/wp-json\/wp\/v2\/media?parent=2952"}],"curies":[{"name":"wp","href":"https:\/\/api.w.org\/{rel}","templated":true}]}}