{"id":2676,"date":"2021-10-06T18:31:53","date_gmt":"2021-10-06T18:31:53","guid":{"rendered":"http:\/\/graficaemepe.com.br\/?page_id=2676"},"modified":"2021-10-22T19:33:59","modified_gmt":"2021-10-22T19:33:59","slug":"orcamento","status":"publish","type":"page","link":"https:\/\/graficaemepe.com.br\/es\/orcamento\/","title":{"rendered":"Or\u00e7amento"},"content":{"rendered":"<div data-elementor-type=\"wp-page\" data-elementor-id=\"2676\" class=\"elementor elementor-2676\" data-elementor-post-type=\"page\">\n\t\t\t\t\t\t<section class=\"elementor-section elementor-top-section elementor-element elementor-element-9c8d901 elementor-section-full_width elementor-section-height-default elementor-section-height-default\" data-id=\"9c8d901\" data-element_type=\"section\">\n\t\t\t\t\t\t<div class=\"elementor-container elementor-column-gap-no\">\n\t\t\t\t\t<div class=\"elementor-column elementor-col-100 elementor-top-column elementor-element elementor-element-cb26051\" data-id=\"cb26051\" data-element_type=\"column\">\n\t\t\t<div class=\"elementor-widget-wrap elementor-element-populated\">\n\t\t\t\t\t\t<div class=\"elementor-element elementor-element-d2e33f8 elementor-widget elementor-widget-vlt-page-title\" data-id=\"d2e33f8\" data-element_type=\"widget\" data-settings=\"{&quot;aos_animation_name&quot;:&quot;none&quot;}\" data-widget_type=\"vlt-page-title.default\">\n\t\t\t\t<div class=\"elementor-widget-container\">\n\t\t\t\n\t\t<div class=\"vlt-page-title vlt-page-title--style-3 jarallax\">\n\n\t\t\t<img loading=\"lazy\" decoding=\"async\" width=\"1920\" height=\"960\" src=\"https:\/\/graficaemepe.com.br\/wp-content\/uploads\/2021\/09\/emepe_breadcrumbs_desktop_TrabalheConosco-1920x960.jpg\" class=\"jarallax-img\" alt=\"\" srcset=\"https:\/\/graficaemepe.com.br\/wp-content\/uploads\/2021\/09\/emepe_breadcrumbs_desktop_TrabalheConosco.jpg 1920w, https:\/\/graficaemepe.com.br\/wp-content\/uploads\/2021\/09\/emepe_breadcrumbs_desktop_TrabalheConosco-300x150.jpg 300w, https:\/\/graficaemepe.com.br\/wp-content\/uploads\/2021\/09\/emepe_breadcrumbs_desktop_TrabalheConosco-1024x512.jpg 1024w, https:\/\/graficaemepe.com.br\/wp-content\/uploads\/2021\/09\/emepe_breadcrumbs_desktop_TrabalheConosco-768x384.jpg 768w, https:\/\/graficaemepe.com.br\/wp-content\/uploads\/2021\/09\/emepe_breadcrumbs_desktop_TrabalheConosco-1536x768.jpg 1536w, https:\/\/graficaemepe.com.br\/wp-content\/uploads\/2021\/09\/emepe_breadcrumbs_desktop_TrabalheConosco-16x8.jpg 16w, https:\/\/graficaemepe.com.br\/wp-content\/uploads\/2021\/09\/emepe_breadcrumbs_desktop_TrabalheConosco-500x250.jpg 500w, https:\/\/graficaemepe.com.br\/wp-content\/uploads\/2021\/09\/emepe_breadcrumbs_desktop_TrabalheConosco-800x400.jpg 800w, https:\/\/graficaemepe.com.br\/wp-content\/uploads\/2021\/09\/emepe_breadcrumbs_desktop_TrabalheConosco-1280x640.jpg 1280w\" sizes=\"auto, (max-width: 1920px) 100vw, 1920px\" \/><div class=\"vlt-page-title__overlay\"><\/div><a href=\"#content\" class=\"vlt-page-title__scroll-to vlt-scroll-to\"><i class=\"icon-arrow-down\"><\/i><\/a><div class=\"container\"><h1 class=\"vlt-page-title__title lax\" data-lax-translate-y=\"0 0, vh (vw*0.25)\" data-lax-opacity=\"1 1, (vh*0.5) 0\" data-lax-anchor=\".vlt-page-title\">Solicitud de cotizaci\u00f3n<\/h1><\/div>\n\t\t<\/div>\n\n\t\t<div id=\"content\"><\/div>\n\n\t\t\t\t<\/div>\n\t\t\t\t<\/div>\n\t\t\t\t\t<\/div>\n\t\t<\/div>\n\t\t\t\t\t<\/div>\n\t\t<\/section>\n\t\t\t\t<section class=\"elementor-section elementor-top-section elementor-element elementor-element-b0be53a elementor-section-boxed elementor-section-height-default elementor-section-height-default\" data-id=\"b0be53a\" data-element_type=\"section\">\n\t\t\t\t\t\t<div class=\"elementor-container elementor-column-gap-default\">\n\t\t\t\t\t<div class=\"elementor-column elementor-col-100 elementor-top-column elementor-element elementor-element-13ad160\" data-id=\"13ad160\" data-element_type=\"column\">\n\t\t\t<div class=\"elementor-widget-wrap elementor-element-populated\">\n\t\t\t\t\t\t<div data-aos=\"fade\" data-aos-once=\"true\" class=\"elementor-element elementor-element-ae0397c elementor-widget elementor-widget-vlt-section-title\" data-id=\"ae0397c\" data-element_type=\"widget\" data-settings=\"{&quot;aos_animation_name&quot;:&quot;fade&quot;}\" data-widget_type=\"vlt-section-title.default\">\n\t\t\t\t<div class=\"elementor-widget-container\">\n\t\t\t\n\t<div class=\"vlt-section-title vlt-section-title--style-1\">\n\n\t\t<span class=\"vlt-section-title__subtitle\">Solicitud de cotizaci\u00f3n<\/span><h2 class=\"vlt-section-title__title\">Complete el siguiente formulario y solicite un presupuesto personalizado.<\/h2>\n\t<\/div>\n\n\t\t\t<\/div>\n\t\t\t\t<\/div>\n\t\t\t\t<div class=\"elementor-element elementor-element-be0cc32 elementor-widget elementor-widget-spacer\" data-id=\"be0cc32\" data-element_type=\"widget\" data-settings=\"{&quot;aos_animation_name&quot;:&quot;none&quot;}\" data-widget_type=\"spacer.default\">\n\t\t\t\t<div class=\"elementor-widget-container\">\n\t\t\t\t\t<div class=\"elementor-spacer\">\n\t\t\t<div class=\"elementor-spacer-inner\"><\/div>\n\t\t<\/div>\n\t\t\t\t<\/div>\n\t\t\t\t<\/div>\n\t\t\t\t\t<\/div>\n\t\t<\/div>\n\t\t\t\t\t<\/div>\n\t\t<\/section>\n\t\t\t\t<section class=\"elementor-section elementor-top-section elementor-element elementor-element-e471317 elementor-section-boxed elementor-section-height-default elementor-section-height-default\" data-id=\"e471317\" data-element_type=\"section\">\n\t\t\t\t\t\t<div class=\"elementor-container elementor-column-gap-default\">\n\t\t\t\t\t<div class=\"elementor-column elementor-col-100 elementor-top-column elementor-element elementor-element-a9da87e\" data-id=\"a9da87e\" data-element_type=\"column\">\n\t\t\t<div class=\"elementor-widget-wrap elementor-element-populated\">\n\t\t\t\t\t\t<div class=\"elementor-element elementor-element-1a09560 elementor-button-align-start elementor-widget elementor-widget-form\" data-id=\"1a09560\" data-element_type=\"widget\" data-settings=\"{&quot;step_next_label&quot;:&quot;Next&quot;,&quot;step_previous_label&quot;:&quot;Previous&quot;,&quot;button_width&quot;:&quot;100&quot;,&quot;step_type&quot;:&quot;number_text&quot;,&quot;step_icon_shape&quot;:&quot;circle&quot;,&quot;aos_animation_name&quot;:&quot;none&quot;}\" data-widget_type=\"form.default\">\n\t\t\t\t<div class=\"elementor-widget-container\">\n\t\t\t\t\t<form class=\"elementor-form\" method=\"post\" name=\"New Form\" action=\"\">\n\t\t\t<input type=\"hidden\" name=\"post_id\" value=\"2676\"\/>\n\t\t\t<input type=\"hidden\" name=\"form_id\" value=\"1a09560\"\/>\n\t\t\t<input type=\"hidden\" name=\"referer_title\" value=\"\" \/>\n\n\t\t\t\n\t\t\t<div class=\"elementor-form-fields-wrapper elementor-labels-\">\n\t\t\t\t\t\t\t\t<div class=\"elementor-field-type-text elementor-field-group elementor-column elementor-field-group-name elementor-col-100 elementor-field-required\">\n\t\t\t\t\t\t\t\t\t\t\t\t<label for=\"form-field-name\" class=\"elementor-field-label elementor-screen-only\">\n\t\t\t\t\t\t\t\tRaz\u00f3n social\t\t\t\t\t\t\t<\/label>\n\t\t\t\t\t\t\t\t\t\t\t\t\t\t<input size=\"1\" type=\"text\" name=\"form_fields[name]\" id=\"form-field-name\" class=\"elementor-field elementor-size-sm  elementor-field-textual\" placeholder=\"Raz\u00f3n social\" required=\"required\" aria-required=\"true\">\n\t\t\t\t\t\t\t\t\t\t\t<\/div>\n\t\t\t\t\t\t\t\t<div class=\"elementor-field-type-text elementor-field-group elementor-column elementor-field-group-field_0a9b6d9 elementor-col-50 elementor-field-required\">\n\t\t\t\t\t\t\t\t\t\t\t\t<label for=\"form-field-field_0a9b6d9\" class=\"elementor-field-label elementor-screen-only\">\n\t\t\t\t\t\t\t\tCNPJ\t\t\t\t\t\t\t<\/label>\n\t\t\t\t\t\t\t\t\t\t\t\t\t\t<input size=\"1\" type=\"text\" name=\"form_fields[field_0a9b6d9]\" id=\"form-field-field_0a9b6d9\" class=\"elementor-field elementor-size-sm  elementor-field-textual\" placeholder=\"CNPJ\" required=\"required\" aria-required=\"true\">\n\t\t\t\t\t\t\t\t\t\t\t<\/div>\n\t\t\t\t\t\t\t\t<div class=\"elementor-field-type-text elementor-field-group elementor-column elementor-field-group-field_017f56e elementor-col-50\">\n\t\t\t\t\t\t\t\t\t\t\t\t<label for=\"form-field-field_017f56e\" class=\"elementor-field-label elementor-screen-only\">\n\t\t\t\t\t\t\t\tInscripci\u00f3n Estadual\t\t\t\t\t\t\t<\/label>\n\t\t\t\t\t\t\t\t\t\t\t\t\t\t<input size=\"1\" type=\"text\" name=\"form_fields[field_017f56e]\" id=\"form-field-field_017f56e\" class=\"elementor-field elementor-size-sm  elementor-field-textual\" placeholder=\"Inscripci\u00f3n Estadual\">\n\t\t\t\t\t\t\t\t\t\t\t<\/div>\n\t\t\t\t\t\t\t\t<div class=\"elementor-field-type-text elementor-field-group elementor-column elementor-field-group-field_779d2cc elementor-col-100 elementor-field-required\">\n\t\t\t\t\t\t\t\t\t\t\t\t<label for=\"form-field-field_779d2cc\" class=\"elementor-field-label elementor-screen-only\">\n\t\t\t\t\t\t\t\tDirecci\u00f3n\t\t\t\t\t\t\t<\/label>\n\t\t\t\t\t\t\t\t\t\t\t\t\t\t<input size=\"1\" type=\"text\" name=\"form_fields[field_779d2cc]\" id=\"form-field-field_779d2cc\" class=\"elementor-field elementor-size-sm  elementor-field-textual\" placeholder=\"Direcci\u00f3n\" required=\"required\" aria-required=\"true\">\n\t\t\t\t\t\t\t\t\t\t\t<\/div>\n\t\t\t\t\t\t\t\t<div class=\"elementor-field-type-text elementor-field-group elementor-column elementor-field-group-field_0745201 elementor-col-50 elementor-field-required\">\n\t\t\t\t\t\t\t\t\t\t\t\t<label for=\"form-field-field_0745201\" class=\"elementor-field-label elementor-screen-only\">\n\t\t\t\t\t\t\t\tVecindario\t\t\t\t\t\t\t<\/label>\n\t\t\t\t\t\t\t\t\t\t\t\t\t\t<input size=\"1\" type=\"text\" name=\"form_fields[field_0745201]\" id=\"form-field-field_0745201\" class=\"elementor-field elementor-size-sm  elementor-field-textual\" placeholder=\"Vecindario\" required=\"required\" aria-required=\"true\">\n\t\t\t\t\t\t\t\t\t\t\t<\/div>\n\t\t\t\t\t\t\t\t<div class=\"elementor-field-type-text elementor-field-group elementor-column elementor-field-group-field_bfb0d97 elementor-col-50 elementor-field-required\">\n\t\t\t\t\t\t\t\t\t\t\t\t<label for=\"form-field-field_bfb0d97\" class=\"elementor-field-label elementor-screen-only\">\n\t\t\t\t\t\t\t\tCEP\t\t\t\t\t\t\t<\/label>\n\t\t\t\t\t\t\t\t\t\t\t\t\t\t<input size=\"1\" type=\"text\" name=\"form_fields[field_bfb0d97]\" id=\"form-field-field_bfb0d97\" class=\"elementor-field elementor-size-sm  elementor-field-textual\" placeholder=\"CEP\" required=\"required\" aria-required=\"true\">\n\t\t\t\t\t\t\t\t\t\t\t<\/div>\n\t\t\t\t\t\t\t\t<div class=\"elementor-field-type-text elementor-field-group elementor-column elementor-field-group-field_963a648 elementor-col-50 elementor-field-required\">\n\t\t\t\t\t\t\t\t\t\t\t\t<label for=\"form-field-field_963a648\" class=\"elementor-field-label elementor-screen-only\">\n\t\t\t\t\t\t\t\tCiudad\t\t\t\t\t\t\t<\/label>\n\t\t\t\t\t\t\t\t\t\t\t\t\t\t<input size=\"1\" type=\"text\" name=\"form_fields[field_963a648]\" id=\"form-field-field_963a648\" class=\"elementor-field elementor-size-sm  elementor-field-textual\" placeholder=\"Ciudad\" required=\"required\" aria-required=\"true\">\n\t\t\t\t\t\t\t\t\t\t\t<\/div>\n\t\t\t\t\t\t\t\t<div class=\"elementor-field-type-select elementor-field-group elementor-column elementor-field-group-field_9ae75e3 elementor-col-50 elementor-field-required\">\n\t\t\t\t\t\t\t\t\t\t\t\t<label for=\"form-field-field_9ae75e3\" class=\"elementor-field-label elementor-screen-only\">\n\t\t\t\t\t\t\t\tEstado\t\t\t\t\t\t\t<\/label>\n\t\t\t\t\t\t\t\t<div class=\"elementor-field elementor-select-wrapper remove-before\">\n\t\t\t<div class=\"select-caret-down-wrapper\">\n\t\t\t\t<i aria-hidden=\"true\" class=\"eicon-caret-down\"><\/i>\t\t\t<\/div>\n\t\t\t<select name=\"form_fields[field_9ae75e3]\" id=\"form-field-field_9ae75e3\" class=\"elementor-field-textual elementor-size-sm\" required=\"required\" aria-required=\"true\">\n\t\t\t\t\t\t\t\t\t<option value=\"Selecione o Estado...\">Selecione o Estado...<\/option>\n\t\t\t\t\t\t\t\t\t<option value=\"Acre\">Acre<\/option>\n\t\t\t\t\t\t\t\t\t<option value=\"Alagoas\">Alagoas<\/option>\n\t\t\t\t\t\t\t\t\t<option value=\"Amap\u00e1\">Amap\u00e1<\/option>\n\t\t\t\t\t\t\t\t\t<option value=\"Amazonas\">Amazonas<\/option>\n\t\t\t\t\t\t\t\t\t<option value=\"Bahia\">Bahia<\/option>\n\t\t\t\t\t\t\t\t\t<option value=\"Ceara\">Ceara<\/option>\n\t\t\t\t\t\t\t\t\t<option value=\"Distrito Federal\">Distrito Federal<\/option>\n\t\t\t\t\t\t\t\t\t<option value=\"Esp\u00edrito Santo\">Esp\u00edrito Santo<\/option>\n\t\t\t\t\t\t\t\t\t<option value=\"Goi\u00e1s\">Goi\u00e1s<\/option>\n\t\t\t\t\t\t\t\t\t<option value=\"Maranh\u00e3o\">Maranh\u00e3o<\/option>\n\t\t\t\t\t\t\t\t\t<option value=\"Mato Grosso\">Mato Grosso<\/option>\n\t\t\t\t\t\t\t\t\t<option value=\"Mato Grosso do Sul\">Mato Grosso do Sul<\/option>\n\t\t\t\t\t\t\t\t\t<option value=\"Minas Gerais\">Minas Gerais<\/option>\n\t\t\t\t\t\t\t\t\t<option value=\"Par\u00e1\">Par\u00e1<\/option>\n\t\t\t\t\t\t\t\t\t<option value=\"Para\u00edba\">Para\u00edba<\/option>\n\t\t\t\t\t\t\t\t\t<option value=\"Paran\u00e1\">Paran\u00e1<\/option>\n\t\t\t\t\t\t\t\t\t<option value=\"Pernambuco\">Pernambuco<\/option>\n\t\t\t\t\t\t\t\t\t<option value=\"Piau\u00ed\">Piau\u00ed<\/option>\n\t\t\t\t\t\t\t\t\t<option value=\"Rio de Janeiro\">Rio de Janeiro<\/option>\n\t\t\t\t\t\t\t\t\t<option value=\"Rio Grande do Norte\">Rio Grande do Norte<\/option>\n\t\t\t\t\t\t\t\t\t<option value=\"Rio Grande do Sul\">Rio Grande do Sul<\/option>\n\t\t\t\t\t\t\t\t\t<option value=\"Rond\u00f4nia\">Rond\u00f4nia<\/option>\n\t\t\t\t\t\t\t\t\t<option value=\"Roraima\">Roraima<\/option>\n\t\t\t\t\t\t\t\t\t<option value=\"Santa Catarina\">Santa Catarina<\/option>\n\t\t\t\t\t\t\t\t\t<option value=\"S\u00e3o Paulo\">S\u00e3o Paulo<\/option>\n\t\t\t\t\t\t\t\t\t<option value=\"Sergipe\">Sergipe<\/option>\n\t\t\t\t\t\t\t\t\t<option value=\"Tocantins\">Tocantins<\/option>\n\t\t\t\t\t\t\t<\/select>\n\t\t<\/div>\n\t\t\t\t\t\t<\/div>\n\t\t\t\t\t\t\t\t<div class=\"elementor-field-type-tel elementor-field-group elementor-column elementor-field-group-field_ff72cf9 elementor-col-50 elementor-field-required\">\n\t\t\t\t\t\t\t\t\t\t\t\t<label for=\"form-field-field_ff72cf9\" class=\"elementor-field-label elementor-screen-only\">\n\t\t\t\t\t\t\t\tTel\u00e9fono\t\t\t\t\t\t\t<\/label>\n\t\t\t\t\t\t\t\t<input size=\"1\" type=\"tel\" name=\"form_fields[field_ff72cf9]\" id=\"form-field-field_ff72cf9\" class=\"elementor-field elementor-size-sm  elementor-field-textual\" placeholder=\"Tel\u00e9fono\" required=\"required\" aria-required=\"true\" pattern=\"[0-9()#&amp;+*-=.]+\" title=\"Only numbers and phone characters (#, -, *, etc) are accepted.\">\n\n\t\t\t\t\t\t<\/div>\n\t\t\t\t\t\t\t\t<div class=\"elementor-field-type-tel elementor-field-group elementor-column elementor-field-group-field_83becf1 elementor-col-50 elementor-field-required\">\n\t\t\t\t\t\t\t\t\t\t\t\t<label for=\"form-field-field_83becf1\" class=\"elementor-field-label elementor-screen-only\">\n\t\t\t\t\t\t\t\tWhatsApp\t\t\t\t\t\t\t<\/label>\n\t\t\t\t\t\t\t\t<input size=\"1\" type=\"tel\" name=\"form_fields[field_83becf1]\" id=\"form-field-field_83becf1\" class=\"elementor-field elementor-size-sm  elementor-field-textual\" placeholder=\"WhatsApp\" required=\"required\" aria-required=\"true\" pattern=\"[0-9()#&amp;+*-=.]+\" title=\"Only numbers and phone characters (#, -, *, etc) are accepted.\">\n\n\t\t\t\t\t\t<\/div>\n\t\t\t\t\t\t\t\t<div class=\"elementor-field-type-email elementor-field-group elementor-column elementor-field-group-message elementor-col-100 elementor-field-required\">\n\t\t\t\t\t\t\t\t\t\t\t\t<label for=\"form-field-message\" class=\"elementor-field-label elementor-screen-only\">\n\t\t\t\t\t\t\t\tCorreo electr\u00f3nico\t\t\t\t\t\t\t<\/label>\n\t\t\t\t\t\t\t\t\t\t\t\t\t\t<input size=\"1\" type=\"email\" name=\"form_fields[message]\" id=\"form-field-message\" class=\"elementor-field elementor-size-sm  elementor-field-textual\" placeholder=\"Correo electr\u00f3nico\" required=\"required\" aria-required=\"true\">\n\t\t\t\t\t\t\t\t\t\t\t<\/div>\n\t\t\t\t\t\t\t\t<div class=\"elementor-field-type-text elementor-field-group elementor-column elementor-field-group-field_408ea4a elementor-col-100 elementor-field-required\">\n\t\t\t\t\t\t\t\t\t\t\t\t<label for=\"form-field-field_408ea4a\" class=\"elementor-field-label elementor-screen-only\">\n\t\t\t\t\t\t\t\tSegmento de negocio\t\t\t\t\t\t\t<\/label>\n\t\t\t\t\t\t\t\t\t\t\t\t\t\t<input size=\"1\" type=\"text\" name=\"form_fields[field_408ea4a]\" id=\"form-field-field_408ea4a\" class=\"elementor-field elementor-size-sm  elementor-field-textual\" placeholder=\"Segmento de negocio\" required=\"required\" aria-required=\"true\">\n\t\t\t\t\t\t\t\t\t\t\t<\/div>\n\t\t\t\t\t\t\t\t<div class=\"elementor-field-type-html elementor-field-group elementor-column elementor-field-group-field_5cd01d0 elementor-col-100\">\n\t\t\t\t\t<h3>DETALLES DEL EMPAQUE<\/h3>\t\t\t\t<\/div>\n\t\t\t\t\t\t\t\t<div class=\"elementor-field-type-text elementor-field-group elementor-column elementor-field-group-field_4d4264e elementor-col-33 elementor-field-required\">\n\t\t\t\t\t\t\t\t\t\t\t\t<label for=\"form-field-field_4d4264e\" class=\"elementor-field-label elementor-screen-only\">\n\t\t\t\t\t\t\t\tLargo\t\t\t\t\t\t\t<\/label>\n\t\t\t\t\t\t\t\t\t\t\t\t\t\t<input size=\"1\" type=\"text\" name=\"form_fields[field_4d4264e]\" id=\"form-field-field_4d4264e\" class=\"elementor-field elementor-size-sm  elementor-field-textual\" placeholder=\"Largo\" required=\"required\" aria-required=\"true\">\n\t\t\t\t\t\t\t\t\t\t\t<\/div>\n\t\t\t\t\t\t\t\t<div class=\"elementor-field-type-text elementor-field-group elementor-column elementor-field-group-field_12bfce0 elementor-col-33 elementor-field-required\">\n\t\t\t\t\t\t\t\t\t\t\t\t<label for=\"form-field-field_12bfce0\" class=\"elementor-field-label elementor-screen-only\">\n\t\t\t\t\t\t\t\tAncho\t\t\t\t\t\t\t<\/label>\n\t\t\t\t\t\t\t\t\t\t\t\t\t\t<input size=\"1\" type=\"text\" name=\"form_fields[field_12bfce0]\" id=\"form-field-field_12bfce0\" class=\"elementor-field elementor-size-sm  elementor-field-textual\" placeholder=\"Ancho\" required=\"required\" aria-required=\"true\">\n\t\t\t\t\t\t\t\t\t\t\t<\/div>\n\t\t\t\t\t\t\t\t<div class=\"elementor-field-type-text elementor-field-group elementor-column elementor-field-group-field_1f11188 elementor-col-33 elementor-field-required\">\n\t\t\t\t\t\t\t\t\t\t\t\t<label for=\"form-field-field_1f11188\" class=\"elementor-field-label elementor-screen-only\">\n\t\t\t\t\t\t\t\tAltura\t\t\t\t\t\t\t<\/label>\n\t\t\t\t\t\t\t\t\t\t\t\t\t\t<input size=\"1\" type=\"text\" name=\"form_fields[field_1f11188]\" id=\"form-field-field_1f11188\" class=\"elementor-field elementor-size-sm  elementor-field-textual\" placeholder=\"Altura\" required=\"required\" aria-required=\"true\">\n\t\t\t\t\t\t\t\t\t\t\t<\/div>\n\t\t\t\t\t\t\t\t<div class=\"elementor-field-type-text elementor-field-group elementor-column elementor-field-group-field_8e4a04c elementor-col-50 elementor-field-required\">\n\t\t\t\t\t\t\t\t\t\t\t\t<label for=\"form-field-field_8e4a04c\" class=\"elementor-field-label elementor-screen-only\">\n\t\t\t\t\t\t\t\tTipo\t\t\t\t\t\t\t<\/label>\n\t\t\t\t\t\t\t\t\t\t\t\t\t\t<input size=\"1\" type=\"text\" name=\"form_fields[field_8e4a04c]\" id=\"form-field-field_8e4a04c\" class=\"elementor-field elementor-size-sm  elementor-field-textual\" placeholder=\"Tipo\" required=\"required\" aria-required=\"true\">\n\t\t\t\t\t\t\t\t\t\t\t<\/div>\n\t\t\t\t\t\t\t\t<div class=\"elementor-field-type-text elementor-field-group elementor-column elementor-field-group-field_7879ca4 elementor-col-50 elementor-field-required\">\n\t\t\t\t\t\t\t\t\t\t\t\t<label for=\"form-field-field_7879ca4\" class=\"elementor-field-label elementor-screen-only\">\n\t\t\t\t\t\t\t\tGramaje\t\t\t\t\t\t\t<\/label>\n\t\t\t\t\t\t\t\t\t\t\t\t\t\t<input size=\"1\" type=\"text\" name=\"form_fields[field_7879ca4]\" id=\"form-field-field_7879ca4\" class=\"elementor-field elementor-size-sm  elementor-field-textual\" placeholder=\"Gramaje\" required=\"required\" aria-required=\"true\">\n\t\t\t\t\t\t\t\t\t\t\t<\/div>\n\t\t\t\t\t\t\t\t<div class=\"elementor-field-type-radio elementor-field-group elementor-column elementor-field-group-field_db1e1b2 elementor-col-100\">\n\t\t\t\t\t\t\t\t\t\t\t\t<label for=\"form-field-field_db1e1b2\" class=\"elementor-field-label elementor-screen-only\">\n\t\t\t\t\t\t\t\tFechamento\t\t\t\t\t\t\t<\/label>\n\t\t\t\t\t\t<div class=\"elementor-field-subgroup  elementor-subgroup-inline\"><span class=\"elementor-field-option\"><input type=\"radio\" value=\"Fundo Autom\u00e1tico\" id=\"form-field-field_db1e1b2-0\" name=\"form_fields[field_db1e1b2]\"> <label for=\"form-field-field_db1e1b2-0\">Fondo autom\u00e1tico<\/label><\/span><span class=\"elementor-field-option\"><input type=\"radio\" value=\"Colagem Lateral\" id=\"form-field-field_db1e1b2-1\" name=\"form_fields[field_db1e1b2]\"> <label for=\"form-field-field_db1e1b2-1\">Pegamento lateral<\/label><\/span><span class=\"elementor-field-option\"><input type=\"radio\" value=\"Fundo Americano\" id=\"form-field-field_db1e1b2-2\" name=\"form_fields[field_db1e1b2]\"> <label for=\"form-field-field_db1e1b2-2\">Fondo Americano<\/label><\/span><\/div>\t\t\t\t<\/div>\n\t\t\t\t\t\t\t\t<div class=\"elementor-field-type-text elementor-field-group elementor-column elementor-field-group-field_63ef9d6 elementor-col-33 elementor-field-required\">\n\t\t\t\t\t\t\t\t\t\t\t\t<label for=\"form-field-field_63ef9d6\" class=\"elementor-field-label elementor-screen-only\">\n\t\t\t\t\t\t\t\tNumero de colores\t\t\t\t\t\t\t<\/label>\n\t\t\t\t\t\t\t\t\t\t\t\t\t\t<input size=\"1\" type=\"text\" name=\"form_fields[field_63ef9d6]\" id=\"form-field-field_63ef9d6\" class=\"elementor-field elementor-size-sm  elementor-field-textual\" placeholder=\"Numero de colores\" required=\"required\" aria-required=\"true\">\n\t\t\t\t\t\t\t\t\t\t\t<\/div>\n\t\t\t\t\t\t\t\t<div class=\"elementor-field-type-text elementor-field-group elementor-column elementor-field-group-field_85cfdf5 elementor-col-33 elementor-field-required\">\n\t\t\t\t\t\t\t\t\t\t\t\t<label for=\"form-field-field_85cfdf5\" class=\"elementor-field-label elementor-screen-only\">\n\t\t\t\t\t\t\t\t\u00bfEncontrado barniz UV?\t\t\t\t\t\t\t<\/label>\n\t\t\t\t\t\t\t\t\t\t\t\t\t\t<input size=\"1\" type=\"text\" name=\"form_fields[field_85cfdf5]\" id=\"form-field-field_85cfdf5\" class=\"elementor-field elementor-size-sm  elementor-field-textual\" placeholder=\"\u00bfEncontrado barniz UV?\" required=\"required\" aria-required=\"true\">\n\t\t\t\t\t\t\t\t\t\t\t<\/div>\n\t\t\t\t\t\t\t\t<div class=\"elementor-field-type-text elementor-field-group elementor-column elementor-field-group-field_8de0c0d elementor-col-33 elementor-field-required\">\n\t\t\t\t\t\t\t\t\t\t\t\t<label for=\"form-field-field_8de0c0d\" class=\"elementor-field-label elementor-screen-only\">\n\t\t\t\t\t\t\t\t\u00bfEst\u00e1s estampado en caliente?\t\t\t\t\t\t\t<\/label>\n\t\t\t\t\t\t\t\t\t\t\t\t\t\t<input size=\"1\" type=\"text\" name=\"form_fields[field_8de0c0d]\" id=\"form-field-field_8de0c0d\" class=\"elementor-field elementor-size-sm  elementor-field-textual\" placeholder=\"\u00bfEst\u00e1s estampado en caliente?\" required=\"required\" aria-required=\"true\">\n\t\t\t\t\t\t\t\t\t\t\t<\/div>\n\t\t\t\t\t\t\t\t<div class=\"elementor-field-type-text elementor-field-group elementor-column elementor-field-group-field_b85d573 elementor-col-100 elementor-field-required\">\n\t\t\t\t\t\t\t\t\t\t\t\t<label for=\"form-field-field_b85d573\" class=\"elementor-field-label elementor-screen-only\">\n\t\t\t\t\t\t\t\tAcabados\t\t\t\t\t\t\t<\/label>\n\t\t\t\t\t\t\t\t\t\t\t\t\t\t<input size=\"1\" type=\"text\" name=\"form_fields[field_b85d573]\" id=\"form-field-field_b85d573\" class=\"elementor-field elementor-size-sm  elementor-field-textual\" placeholder=\"Acabados\" required=\"required\" aria-required=\"true\">\n\t\t\t\t\t\t\t\t\t\t\t<\/div>\n\t\t\t\t\t\t\t\t<div class=\"elementor-field-type-number elementor-field-group elementor-column elementor-field-group-field_cda8660 elementor-col-30 elementor-field-required\">\n\t\t\t\t\t\t\t\t\t\t\t\t<label for=\"form-field-field_cda8660\" class=\"elementor-field-label elementor-screen-only\">\n\t\t\t\t\t\t\t\tLa cantidad\t\t\t\t\t\t\t<\/label>\n\t\t\t\t\t\t\t\t\t<input type=\"number\" name=\"form_fields[field_cda8660]\" id=\"form-field-field_cda8660\" class=\"elementor-field elementor-size-sm  elementor-field-textual\" placeholder=\"La cantidad\" required=\"required\" aria-required=\"true\" min=\"\" max=\"\" >\n\t\t\t\t\t\t<\/div>\n\t\t\t\t\t\t\t\t<div class=\"elementor-field-type-upload elementor-field-group elementor-column elementor-field-group-field_e5eebb2 elementor-col-70\">\n\t\t\t\t\t\t\t\t\t\t\t\t<label for=\"form-field-field_e5eebb2\" class=\"elementor-field-label elementor-screen-only\">\n\t\t\t\t\t\t\t\tImagem ou PDF\t\t\t\t\t\t\t<\/label>\n\t\t\t\t\t\t\t\t<input type=\"file\" name=\"form_fields[field_e5eebb2]\" id=\"form-field-field_e5eebb2\" class=\"elementor-field elementor-size-sm  elementor-upload-field\">\n\n\t\t\t\t\t\t<\/div>\n\t\t\t\t\t\t\t\t<div class=\"elementor-field-group elementor-column elementor-field-type-submit elementor-col-100 e-form__buttons\">\n\t\t\t\t\t<button type=\"submit\" class=\"elementor-button elementor-size-sm elementor-animation-shrink\">\n\t\t\t\t\t\t<span >\n\t\t\t\t\t\t\t\t\t\t\t\t\t\t\t<span class=\"elementor-button-icon\">\n\t\t\t\t\t\t\t\t\t\t\t\t\t\t\t\t\t\t\t\t\t\t\t\t\t\t<\/span>\n\t\t\t\t\t\t\t\t\t\t\t\t\t\t\t\t\t\t\t\t\t\t<span class=\"elementor-button-text\">Mandar<\/span>\n\t\t\t\t\t\t\t\t\t\t\t\t\t<\/span>\n\t\t\t\t\t<\/button>\n\t\t\t\t<\/div>\n\t\t\t<\/div>\n\t\t<input type=\"hidden\" name=\"trp-form-language\" value=\"es\"\/><\/form>\n\t\t\t\t<\/div>\n\t\t\t\t<\/div>\n\t\t\t\t\t<\/div>\n\t\t<\/div>\n\t\t\t\t\t<\/div>\n\t\t<\/section>\n\t\t\t\t<\/div>","protected":false},"excerpt":{"rendered":"<p>Solicite Or\u00e7amento Solicite Or\u00e7amento Preencha o formul\u00e1rio abaixo e solicite um or\u00e7amento personalizado.<\/p>","protected":false},"author":3,"featured_media":0,"parent":0,"menu_order":0,"comment_status":"closed","ping_status":"closed","template":"template-custom-page.php","meta":{"_vp_format_video_url":"","_vp_image_focal_point":[],"footnotes":""},"class_list":["post-2676","page","type-page","status-publish","hentry"],"aioseo_notices":[],"_links":{"self":[{"href":"https:\/\/graficaemepe.com.br\/es\/wp-json\/wp\/v2\/pages\/2676","targetHints":{"allow":["GET"]}}],"collection":[{"href":"https:\/\/graficaemepe.com.br\/es\/wp-json\/wp\/v2\/pages"}],"about":[{"href":"https:\/\/graficaemepe.com.br\/es\/wp-json\/wp\/v2\/types\/page"}],"author":[{"embeddable":true,"href":"https:\/\/graficaemepe.com.br\/es\/wp-json\/wp\/v2\/users\/3"}],"replies":[{"embeddable":true,"href":"https:\/\/graficaemepe.com.br\/es\/wp-json\/wp\/v2\/comments?post=2676"}],"version-history":[{"count":22,"href":"https:\/\/graficaemepe.com.br\/es\/wp-json\/wp\/v2\/pages\/2676\/revisions"}],"predecessor-version":[{"id":2837,"href":"https:\/\/graficaemepe.com.br\/es\/wp-json\/wp\/v2\/pages\/2676\/revisions\/2837"}],"wp:attachment":[{"href":"https:\/\/graficaemepe.com.br\/es\/wp-json\/wp\/v2\/media?parent=2676"}],"curies":[{"name":"wp","href":"https:\/\/api.w.org\/{rel}","templated":true}]}}