{"id":11,"date":"2020-08-25T08:23:10","date_gmt":"2020-08-25T08:23:10","guid":{"rendered":"http:\/\/paul-themes.com\/wordpress\/skape\/?page_id=11"},"modified":"2024-06-27T08:45:33","modified_gmt":"2024-06-27T11:45:33","slug":"contato","status":"publish","type":"page","link":"https:\/\/graficaemepe.com.br\/es\/contato\/","title":{"rendered":"Contacto"},"content":{"rendered":"<div data-elementor-type=\"wp-page\" data-elementor-id=\"11\" class=\"elementor elementor-11\" data-elementor-post-type=\"page\">\n\t\t\t\t\t\t<section class=\"elementor-section elementor-top-section elementor-element elementor-element-171e9e1 elementor-section-full_width elementor-section-height-default elementor-section-height-default\" data-id=\"171e9e1\" data-element_type=\"section\">\n\t\t\t\t\t\t<div class=\"elementor-container elementor-column-gap-no\">\n\t\t\t\t\t<div class=\"elementor-column elementor-col-100 elementor-top-column elementor-element elementor-element-051e25a\" data-id=\"051e25a\" data-element_type=\"column\">\n\t\t\t<div class=\"elementor-widget-wrap elementor-element-populated\">\n\t\t\t\t\t\t<div class=\"elementor-element elementor-element-f820672 elementor-widget elementor-widget-vlt-page-title\" data-id=\"f820672\" data-element_type=\"widget\" data-settings=\"{&quot;aos_animation_name&quot;:&quot;none&quot;}\" data-widget_type=\"vlt-page-title.default\">\n\t\t\t\t<div class=\"elementor-widget-container\">\n\t\t\t\n\t\t<div class=\"vlt-page-title vlt-page-title--style-3 jarallax\">\n\n\t\t\t<img loading=\"lazy\" decoding=\"async\" width=\"1920\" height=\"960\" src=\"https:\/\/graficaemepe.com.br\/wp-content\/uploads\/2021\/07\/emepe_breadcrumbs_desktop_contato-1920x960.jpg\" class=\"jarallax-img\" alt=\"\" srcset=\"https:\/\/graficaemepe.com.br\/wp-content\/uploads\/2021\/07\/emepe_breadcrumbs_desktop_contato.jpg 1920w, https:\/\/graficaemepe.com.br\/wp-content\/uploads\/2021\/07\/emepe_breadcrumbs_desktop_contato-300x150.jpg 300w, https:\/\/graficaemepe.com.br\/wp-content\/uploads\/2021\/07\/emepe_breadcrumbs_desktop_contato-1024x512.jpg 1024w, https:\/\/graficaemepe.com.br\/wp-content\/uploads\/2021\/07\/emepe_breadcrumbs_desktop_contato-768x384.jpg 768w, https:\/\/graficaemepe.com.br\/wp-content\/uploads\/2021\/07\/emepe_breadcrumbs_desktop_contato-1536x768.jpg 1536w, https:\/\/graficaemepe.com.br\/wp-content\/uploads\/2021\/07\/emepe_breadcrumbs_desktop_contato-500x250.jpg 500w, https:\/\/graficaemepe.com.br\/wp-content\/uploads\/2021\/07\/emepe_breadcrumbs_desktop_contato-800x400.jpg 800w, https:\/\/graficaemepe.com.br\/wp-content\/uploads\/2021\/07\/emepe_breadcrumbs_desktop_contato-1280x640.jpg 1280w\" sizes=\"auto, (max-width: 1920px) 100vw, 1920px\" \/><div class=\"vlt-page-title__overlay\"><\/div><a href=\"#content\" class=\"vlt-page-title__scroll-to vlt-scroll-to\"><i class=\"icon-arrow-down\"><\/i><\/a><div class=\"container\"><h1 class=\"vlt-page-title__title lax\" data-lax-translate-y=\"0 0, vh (vw*0.25)\" data-lax-opacity=\"1 1, (vh*0.5) 0\" data-lax-anchor=\".vlt-page-title\">Contacto<\/h1><\/div>\n\t\t<\/div>\n\n\t\t<div id=\"content\"><\/div>\n\n\t\t\t\t<\/div>\n\t\t\t\t<\/div>\n\t\t\t\t\t<\/div>\n\t\t<\/div>\n\t\t\t\t\t<\/div>\n\t\t<\/section>\n\t\t\t\t<section class=\"elementor-section elementor-top-section elementor-element elementor-element-ed627be elementor-section-boxed elementor-section-height-default elementor-section-height-default\" data-id=\"ed627be\" data-element_type=\"section\">\n\t\t\t\t\t\t<div class=\"elementor-container elementor-column-gap-extended\">\n\t\t\t\t\t<div class=\"elementor-column elementor-col-100 elementor-top-column elementor-element elementor-element-3a02417\" data-id=\"3a02417\" data-element_type=\"column\">\n\t\t\t<div class=\"elementor-widget-wrap elementor-element-populated\">\n\t\t\t\t\t\t<div data-aos=\"fade\" data-aos-once=\"true\" class=\"elementor-element elementor-element-a363c6e elementor-widget elementor-widget-vlt-section-title\" data-id=\"a363c6e\" data-element_type=\"widget\" data-settings=\"{&quot;aos_animation_name&quot;:&quot;fade&quot;}\" data-widget_type=\"vlt-section-title.default\">\n\t\t\t\t<div class=\"elementor-widget-container\">\n\t\t\t\n\t<div class=\"vlt-section-title vlt-section-title--style-1\">\n\n\t\t<h2 class=\"vlt-section-title__title\">Hable con Nosotros<\/h2>\n\t<\/div>\n\n\t\t\t<\/div>\n\t\t\t\t<\/div>\n\t\t\t\t\t<\/div>\n\t\t<\/div>\n\t\t\t\t\t<\/div>\n\t\t<\/section>\n\t\t\t\t<section class=\"elementor-section elementor-top-section elementor-element elementor-element-20758b7 elementor-section-boxed elementor-section-height-default elementor-section-height-default\" data-id=\"20758b7\" data-element_type=\"section\">\n\t\t\t\t\t\t<div class=\"elementor-container elementor-column-gap-extended\">\n\t\t\t\t\t<div class=\"elementor-column elementor-col-66 elementor-top-column elementor-element elementor-element-c5e56c8\" data-id=\"c5e56c8\" data-element_type=\"column\">\n\t\t\t<div class=\"elementor-widget-wrap elementor-element-populated\">\n\t\t\t\t\t\t<div class=\"elementor-element elementor-element-5312868 elementor-button-align-stretch elementor-widget elementor-widget-form\" data-id=\"5312868\" data-element_type=\"widget\" data-settings=\"{&quot;step_next_label&quot;:&quot;Next&quot;,&quot;step_previous_label&quot;:&quot;Previous&quot;,&quot;button_width&quot;:&quot;100&quot;,&quot;step_type&quot;:&quot;number_text&quot;,&quot;step_icon_shape&quot;:&quot;circle&quot;,&quot;aos_animation_name&quot;:&quot;none&quot;}\" data-widget_type=\"form.default\">\n\t\t\t\t<div class=\"elementor-widget-container\">\n\t\t\t\t\t<form class=\"elementor-form\" method=\"post\" name=\"Formul\u00e1rio contato\" action=\"\">\n\t\t\t<input type=\"hidden\" name=\"post_id\" value=\"11\"\/>\n\t\t\t<input type=\"hidden\" name=\"form_id\" value=\"5312868\"\/>\n\t\t\t<input type=\"hidden\" name=\"referer_title\" value=\"\" \/>\n\n\t\t\t\n\t\t\t<div class=\"elementor-form-fields-wrapper elementor-labels-\">\n\t\t\t\t\t\t\t\t<div class=\"elementor-field-type-text elementor-field-group elementor-column elementor-field-group-nome elementor-col-100 elementor-field-required\">\n\t\t\t\t\t\t\t\t\t\t\t\t<label for=\"form-field-nome\" class=\"elementor-field-label elementor-screen-only\">\n\t\t\t\t\t\t\t\tNombre\t\t\t\t\t\t\t<\/label>\n\t\t\t\t\t\t\t\t\t\t\t\t\t\t<input size=\"1\" type=\"text\" name=\"form_fields[nome]\" id=\"form-field-nome\" class=\"elementor-field elementor-size-sm  elementor-field-textual\" placeholder=\"Nombre\" required=\"required\" aria-required=\"true\">\n\t\t\t\t\t\t\t\t\t\t\t<\/div>\n\t\t\t\t\t\t\t\t<div class=\"elementor-field-type-email elementor-field-group elementor-column elementor-field-group-email elementor-col-100 elementor-field-required\">\n\t\t\t\t\t\t\t\t\t\t\t\t<label for=\"form-field-email\" class=\"elementor-field-label elementor-screen-only\">\n\t\t\t\t\t\t\t\tEmail\t\t\t\t\t\t\t<\/label>\n\t\t\t\t\t\t\t\t\t\t\t\t\t\t<input size=\"1\" type=\"email\" name=\"form_fields[email]\" id=\"form-field-email\" class=\"elementor-field elementor-size-sm  elementor-field-textual\" placeholder=\"Email\" required=\"required\" aria-required=\"true\">\n\t\t\t\t\t\t\t\t\t\t\t<\/div>\n\t\t\t\t\t\t\t\t<div class=\"elementor-field-type-tel elementor-field-group elementor-column elementor-field-group-field_52e69a9 elementor-col-50 elementor-field-required\">\n\t\t\t\t\t\t\t\t\t\t\t\t<label for=\"form-field-field_52e69a9\" class=\"elementor-field-label elementor-screen-only\">\n\t\t\t\t\t\t\t\tTel\u00e9fono\t\t\t\t\t\t\t<\/label>\n\t\t\t\t\t\t\t\t<input size=\"1\" type=\"tel\" name=\"form_fields[field_52e69a9]\" id=\"form-field-field_52e69a9\" class=\"elementor-field elementor-size-sm  elementor-field-textual\" placeholder=\"Tel\u00e9fono\" required=\"required\" aria-required=\"true\" pattern=\"[0-9()#&amp;+*-=.]+\" title=\"Only numbers and phone characters (#, -, *, etc) are accepted.\">\n\n\t\t\t\t\t\t<\/div>\n\t\t\t\t\t\t\t\t<div class=\"elementor-field-type-text elementor-field-group elementor-column elementor-field-group-Assunto elementor-col-50\">\n\t\t\t\t\t\t\t\t\t\t\t\t<label for=\"form-field-Assunto\" class=\"elementor-field-label elementor-screen-only\">\n\t\t\t\t\t\t\t\tAssunto\t\t\t\t\t\t\t<\/label>\n\t\t\t\t\t\t\t\t\t\t\t\t\t\t<input size=\"1\" type=\"text\" name=\"form_fields[Assunto]\" id=\"form-field-Assunto\" class=\"elementor-field elementor-size-sm  elementor-field-textual\" placeholder=\"Assunto\">\n\t\t\t\t\t\t\t\t\t\t\t<\/div>\n\t\t\t\t\t\t\t\t<div class=\"elementor-field-type-textarea elementor-field-group elementor-column elementor-field-group-mensagem elementor-col-100 elementor-field-required\">\n\t\t\t\t\t\t\t\t\t\t\t\t<label for=\"form-field-mensagem\" class=\"elementor-field-label elementor-screen-only\">\n\t\t\t\t\t\t\t\tMensaje\t\t\t\t\t\t\t<\/label>\n\t\t\t\t\t\t<textarea class=\"elementor-field-textual elementor-field  elementor-size-sm\" name=\"form_fields[mensagem]\" id=\"form-field-mensagem\" rows=\"6\" placeholder=\"Digite sua mensagem\" required=\"required\" aria-required=\"true\"><\/textarea>\t\t\t\t<\/div>\n\t\t\t\t\t\t\t\t<div class=\"elementor-field-type-text\">\n\t\t\t\t\t<input size=\"1\" type=\"text\" name=\"form_fields[field_ac8d3d7]\" id=\"form-field-field_ac8d3d7\" class=\"elementor-field elementor-size-sm\" style=\"display:none !important;\">\t\t\t\t<\/div>\n\t\t\t\t\t\t\t\t<div class=\"elementor-field-group elementor-column elementor-field-type-submit elementor-col-100 e-form__buttons\">\n\t\t\t\t\t<button type=\"submit\" class=\"elementor-button elementor-size-sm\">\n\t\t\t\t\t\t<span >\n\t\t\t\t\t\t\t\t\t\t\t\t\t\t\t<span class=\"elementor-button-icon\">\n\t\t\t\t\t\t\t\t\t\t\t\t\t\t\t\t\t\t\t\t\t\t\t\t\t\t<\/span>\n\t\t\t\t\t\t\t\t\t\t\t\t\t\t\t\t\t\t\t\t\t\t<span class=\"elementor-button-text\">Mandar<\/span>\n\t\t\t\t\t\t\t\t\t\t\t\t\t<\/span>\n\t\t\t\t\t<\/button>\n\t\t\t\t<\/div>\n\t\t\t<\/div>\n\t\t<input type=\"hidden\" name=\"trp-form-language\" value=\"es\"\/><\/form>\n\t\t\t\t<\/div>\n\t\t\t\t<\/div>\n\t\t\t\t\t<\/div>\n\t\t<\/div>\n\t\t\t\t<div class=\"elementor-column elementor-col-33 elementor-top-column elementor-element elementor-element-079e59c\" data-id=\"079e59c\" data-element_type=\"column\">\n\t\t\t<div class=\"elementor-widget-wrap elementor-element-populated\">\n\t\t\t\t\t\t<div data-aos=\"fade\" data-aos-delay=\"200\" data-aos-once=\"true\" class=\"elementor-element elementor-element-2489e9b elementor-widget elementor-widget-vlt-heading\" data-id=\"2489e9b\" data-element_type=\"widget\" data-settings=\"{&quot;aos_animation_name&quot;:&quot;fade&quot;}\" data-widget_type=\"vlt-heading.default\">\n\t\t\t\t<div class=\"elementor-widget-container\">\n\t\t\t\n\t<h5 class=\"vlt-heading\">\n\n\t\tDirecci\u00f3n\n\t<\/h5>\n\n\t\t\t<\/div>\n\t\t\t\t<\/div>\n\t\t\t\t<div data-aos=\"fade\" data-aos-delay=\"100\" data-aos-once=\"true\" class=\"elementor-element elementor-element-fb533c2 elementor-widget elementor-widget-text-editor\" data-id=\"fb533c2\" data-element_type=\"widget\" data-settings=\"{&quot;aos_animation_name&quot;:&quot;fade&quot;}\" data-widget_type=\"text-editor.default\">\n\t\t\t\t<div class=\"elementor-widget-container\">\n\t\t\t\t\t\t\t<p class=\"lh-2 m-0\">Av. Fernando Piccinini, 540 &#8211; Distrito Industrial &#8211; Vinhedo &#8211; SP<br \/>(19) 3826-8300<\/p>\t\t\t\t\t\t<\/div>\n\t\t\t\t<\/div>\n\t\t\t\t<div class=\"elementor-element elementor-element-d487000 elementor-widget elementor-widget-spacer\" data-id=\"d487000\" data-element_type=\"widget\" data-settings=\"{&quot;aos_animation_name&quot;:&quot;none&quot;}\" data-widget_type=\"spacer.default\">\n\t\t\t\t<div class=\"elementor-widget-container\">\n\t\t\t\t\t<div class=\"elementor-spacer\">\n\t\t\t<div class=\"elementor-spacer-inner\"><\/div>\n\t\t<\/div>\n\t\t\t\t<\/div>\n\t\t\t\t<\/div>\n\t\t\t\t<div data-aos=\"fade\" data-aos-delay=\"300\" data-aos-once=\"true\" class=\"elementor-element elementor-element-4d3c144 elementor-widget elementor-widget-vlt-heading\" data-id=\"4d3c144\" data-element_type=\"widget\" data-settings=\"{&quot;aos_animation_name&quot;:&quot;fade&quot;}\" data-widget_type=\"vlt-heading.default\">\n\t\t\t\t<div class=\"elementor-widget-container\">\n\t\t\t\n\t<h5 class=\"vlt-heading\">\n\n\t\tTrabaja con nosotros\n\t<\/h5>\n\n\t\t\t<\/div>\n\t\t\t\t<\/div>\n\t\t\t\t<div data-aos=\"fade\" data-aos-delay=\"100\" data-aos-once=\"true\" class=\"elementor-element elementor-element-777240e elementor-widget elementor-widget-text-editor\" data-id=\"777240e\" data-element_type=\"widget\" data-settings=\"{&quot;aos_animation_name&quot;:&quot;fade&quot;}\" data-widget_type=\"text-editor.default\">\n\t\t\t\t<div class=\"elementor-widget-container\">\n\t\t\t\t\t\t\t<p class=\"lh-2 m-0\">\u00danete a nuestro equipo!<br \/>Env\u00ede su <a href=\"https:\/\/graficaemepe.com.br\/es\/trabalhe-conosco\/\">curr\u00edculum ahora<\/a><\/p>\t\t\t\t\t\t<\/div>\n\t\t\t\t<\/div>\n\t\t\t\t<div class=\"elementor-element elementor-element-8bc64d3 elementor-widget elementor-widget-spacer\" data-id=\"8bc64d3\" data-element_type=\"widget\" data-settings=\"{&quot;aos_animation_name&quot;:&quot;none&quot;}\" data-widget_type=\"spacer.default\">\n\t\t\t\t<div class=\"elementor-widget-container\">\n\t\t\t\t\t<div class=\"elementor-spacer\">\n\t\t\t<div class=\"elementor-spacer-inner\"><\/div>\n\t\t<\/div>\n\t\t\t\t<\/div>\n\t\t\t\t<\/div>\n\t\t\t\t<div class=\"elementor-element elementor-element-feb69b5 elementor-shape-circle e-grid-align-left elementor-grid-0 elementor-widget elementor-widget-social-icons\" data-id=\"feb69b5\" data-element_type=\"widget\" data-settings=\"{&quot;aos_animation_name&quot;:&quot;none&quot;}\" data-widget_type=\"social-icons.default\">\n\t\t\t\t<div class=\"elementor-widget-container\">\n\t\t\t\t\t<div class=\"elementor-social-icons-wrapper elementor-grid\">\n\t\t\t\t\t\t\t<span class=\"elementor-grid-item\">\n\t\t\t\t\t<a class=\"elementor-icon elementor-social-icon elementor-social-icon-linkedin elementor-repeater-item-47711fa\" href=\"https:\/\/www.linkedin.com\/company\/emepe-industria-grafica-ecomercio\/?originalSubdomain=br\" target=\"_blank\">\n\t\t\t\t\t\t<span class=\"elementor-screen-only\">Linkedin<\/span>\n\t\t\t\t\t\t<i class=\"fab fa-linkedin\"><\/i>\t\t\t\t\t<\/a>\n\t\t\t\t<\/span>\n\t\t\t\t\t<\/div>\n\t\t\t\t<\/div>\n\t\t\t\t<\/div>\n\t\t\t\t\t<\/div>\n\t\t<\/div>\n\t\t\t\t\t<\/div>\n\t\t<\/section>\n\t\t\t\t<section class=\"elementor-section elementor-top-section elementor-element elementor-element-df9ad3d elementor-section-boxed elementor-section-height-default elementor-section-height-default\" data-id=\"df9ad3d\" data-element_type=\"section\">\n\t\t\t\t\t\t<div class=\"elementor-container elementor-column-gap-extended\">\n\t\t\t\t\t<div class=\"elementor-column elementor-col-100 elementor-top-column elementor-element elementor-element-90bfec5\" data-id=\"90bfec5\" data-element_type=\"column\">\n\t\t\t<div class=\"elementor-widget-wrap elementor-element-populated\">\n\t\t\t\t\t\t<div class=\"elementor-element elementor-element-2bc0bee elementor-widget__width-initial elementor-absolute elementor-widget elementor-widget-vlt-particle\" data-id=\"2bc0bee\" data-element_type=\"widget\" data-settings=\"{&quot;_position&quot;:&quot;absolute&quot;,&quot;aos_animation_name&quot;:&quot;none&quot;}\" data-widget_type=\"vlt-particle.default\">\n\t\t\t\t<div class=\"elementor-widget-container\">\n\t\t\t\n\t\t<div class=\"vlt-particle\" data-animation-name=\"fadeInUp\" style=\" --animate-delay: 500ms;\">\n\n\t\t\t\n\t\t\t\t<img loading=\"lazy\" decoding=\"async\" width=\"324\" height=\"339\" src=\"https:\/\/graficaemepe.com.br\/wp-content\/uploads\/2020\/08\/square-plus-pattern.png\" class=\"attachment-full size-full\" alt=\"\" srcset=\"https:\/\/graficaemepe.com.br\/wp-content\/uploads\/2020\/08\/square-plus-pattern.png 324w, https:\/\/graficaemepe.com.br\/wp-content\/uploads\/2020\/08\/square-plus-pattern-287x300.png 287w\" sizes=\"auto, (max-width: 324px) 100vw, 324px\" \/>\n\t\t\t\n\t\t<\/div>\n\n\t\t\t\t<\/div>\n\t\t\t\t<\/div>\n\t\t\t\t<div class=\"elementor-element elementor-element-9dd7aef elementor-widget elementor-widget-html\" data-id=\"9dd7aef\" data-element_type=\"widget\" data-settings=\"{&quot;aos_animation_name&quot;:&quot;none&quot;}\" data-widget_type=\"html.default\">\n\t\t\t\t<div class=\"elementor-widget-container\">\n\t\t\t<iframe src=\"https:\/\/www.google.com\/maps\/embed?pb=!1m14!1m8!1m3!1d7342.185621120741!2d-47.00443724505267!3d-23.05705874504683!3m2!1i1024!2i768!4f13.1!3m3!1m2!1s0x0%3A0x6c4b76093e6d3ee0!2sEmepe%20Ind%C3%BAstria%20Gr%C3%A1fica%20e%20Com%C3%A9rcio!5e0!3m2!1spt-BR!2sus!4v1627320851495!5m2!1spt-BR!2sus\" width=\"600\" height=\"450\" style=\"border:0;\" allowfullscreen=\"\" loading=\"lazy\"><\/iframe>\t\t<\/div>\n\t\t\t\t<\/div>\n\t\t\t\t\t<\/div>\n\t\t<\/div>\n\t\t\t\t\t<\/div>\n\t\t<\/section>\n\t\t\t\t<\/div>","protected":false},"excerpt":{"rendered":"<p>Contato Fale Conosco Endere\u00e7o Av. Fernando Piccinini, 540 &#8211; Distrito Industrial &#8211; Vinhedo &#8211; SP(19) 3826-8300 Trabalhe Conosco Fa\u00e7a parte da nossa equipe!Envie j\u00e1 o seu curr\u00edculo. Linkedin<\/p>","protected":false},"author":3,"featured_media":0,"parent":0,"menu_order":0,"comment_status":"closed","ping_status":"closed","template":"template-custom-page.php","meta":{"_vp_format_video_url":"","_vp_image_focal_point":[],"footnotes":""},"class_list":["post-11","page","type-page","status-publish","hentry"],"aioseo_notices":[],"_links":{"self":[{"href":"https:\/\/graficaemepe.com.br\/es\/wp-json\/wp\/v2\/pages\/11","targetHints":{"allow":["GET"]}}],"collection":[{"href":"https:\/\/graficaemepe.com.br\/es\/wp-json\/wp\/v2\/pages"}],"about":[{"href":"https:\/\/graficaemepe.com.br\/es\/wp-json\/wp\/v2\/types\/page"}],"author":[{"embeddable":true,"href":"https:\/\/graficaemepe.com.br\/es\/wp-json\/wp\/v2\/users\/3"}],"replies":[{"embeddable":true,"href":"https:\/\/graficaemepe.com.br\/es\/wp-json\/wp\/v2\/comments?post=11"}],"version-history":[{"count":46,"href":"https:\/\/graficaemepe.com.br\/es\/wp-json\/wp\/v2\/pages\/11\/revisions"}],"predecessor-version":[{"id":2998,"href":"https:\/\/graficaemepe.com.br\/es\/wp-json\/wp\/v2\/pages\/11\/revisions\/2998"}],"wp:attachment":[{"href":"https:\/\/graficaemepe.com.br\/es\/wp-json\/wp\/v2\/media?parent=11"}],"curies":[{"name":"wp","href":"https:\/\/api.w.org\/{rel}","templated":true}]}}